{"id":9702,"date":"2020-05-06T10:00:39","date_gmt":"2020-05-06T09:00:39","guid":{"rendered":"https:\/\/www.carnsmila.com\/terminos-y-condiciones\/"},"modified":"2020-05-06T10:21:30","modified_gmt":"2020-05-06T09:21:30","slug":"terminos-y-condiciones","status":"publish","type":"page","link":"https:\/\/www.carnsmila.com\/es\/terminos-y-condiciones\/","title":{"rendered":"T\u00e9rminos y condiciones"},"content":{"rendered":"<p>[et_pb_section fb_built=&#8221;1&#8243; _builder_version=&#8221;4.4.1&#8243;][et_pb_row _builder_version=&#8221;4.4.1&#8243;][et_pb_column _builder_version=&#8221;4.4.1&#8243; type=&#8221;4_4&#8243;][et_pb_text _builder_version=&#8221;4.4.1&#8243; hover_enabled=&#8221;0&#8243; custom_padding=&#8221;|0px||||&#8221; custom_margin=&#8221;|-56px||||&#8221;]<\/p>\n<h1>T\u00e9rminos y Condiciones<\/h1>\n<p>Los presentes T\u00e9rminos y Condiciones regulan el uso del servicio del sitio web Carns Mil\u00e0 de Internet www.carnsmila.com que J.MIL\u00c0, S.A. (en adelante Carns Mil\u00e0). con domicilio social en C\/ Tarragon\u00e8s 25 Pol. Ind. Mol\u00ed d\u2019en Serra Santa Oliva (Tarragona) CP 43710 i CIF A43094929.<\/p>\n<p>La utilizaci\u00f3n del sitio web Carns Mil\u00e0, atribuye la condici\u00f3n de usuario del sitio web Carns Mil\u00e0 (en adelante, el \u201cUsuario\u201d) y expresa la conformidad plena y sin reservas, del Usuario, a todos y cada uno de los T\u00e9rminos y Condiciones, respecto de la versi\u00f3n publicada por Carns Mil\u00e0 en el momento del acceso del Usuario al sitio web Carns Mil\u00e0 ya que los mismos pueden sufrir modificaciones. Por ello, el Usuario, debe leer detenidamente el contenido de los presentes T\u00e9rminos y Condiciones, en cada una de las ocasiones en que se proponga utilizar el sitio web Carns Mil\u00e0. En cualquier caso, se considerar\u00e1n como v\u00e1lidos y aplicables los T\u00e9rminos y Condiciones que estuvieran expuestos en el sitio web Carns Mil\u00e0 en el momento que el Usuario haga uso de los servicios que presta Carns Mil\u00e0 trav\u00e9s del sitio web Carns Mil\u00e0.<\/p>\n<p>El acceso a y\/o la utilizaci\u00f3n de dichos servicios y contenidos expresa la entera e incondicional aceptaci\u00f3n por parte del Usuario de los T\u00e9rminos y Condiciones en la versi\u00f3n publicada por Carns Mil\u00e0 en su sitio web Carns Mil\u00e0 en el momento en que se produzca dicho acceso y\/o utilizaci\u00f3n.<\/p>\n<p>El Usuario declara ser mayor de edad y disponer de la capacidad jur\u00eddica suficiente para vincularse por los presentes T\u00e9rminos y Condiciones as\u00ed como haber le\u00eddo y entendido el contenido de los mismos. Igualmente, acepta de forma expresa y sin excepciones que el acceso y la utilizaci\u00f3n del presente sitio web y de sus contenidos tiene lugar bajo su \u00fanica y exclusiva responsabilidad.<\/p>\n<h2>Condiciones de acceso y utilizaci\u00f3n del sitio web<\/h2>\n<p>El Usuario deber\u00e1 registrarse como tal, cumplimentando el formulario al efecto, recibiendo un nombre de usuario identificativo y una contrase\u00f1a, las cuales tienen un car\u00e1cter personal e intransferible, y que permitir\u00e1n que el Usuario formalice con Carns Mil\u00e0 la compra de aquellos productos en los que est\u00e9 interesado.<\/p>\n<p>El registro como cliente es gratuito.<\/p>\n<p>El Usuario registrado se compromete a hacer un uso diligente y a mantener en secreto la contrase\u00f1a y nombre de usuario que se le asignar\u00e1n para acceder a los servicios. El Usuario responder\u00e1 de los gastos y de los da\u00f1os y perjuicios ocasionados por la utilizaci\u00f3n de los servicios por cualquier tercero que emplee al efecto su contrase\u00f1a y nombre de usuario con motivo de una utilizaci\u00f3n no diligente o a la p\u00e9rdida de las mismas por el Usuario. Para prevenir esta situaci\u00f3n, en el supuesto de p\u00e9rdida de su contrase\u00f1a y nombre de usuario, por favor p\u00f3ngase de inmediato en contacto con nosotros.<\/p>\n<h2>Uso de Cupones Descuento y Promociones<\/h2>\n<p>Los usuarios que hagan uso de cupones o vales de descuento en Carns Mil\u00e0 deber\u00e1n tener en cuenta que pueden no ser acumulables.<\/p>\n<p>Todos los cupones descuento que Carns Mil\u00e0 facilite por correo electr\u00f3nico u otros medios digitales a sus clientes tendr\u00e1n una validez m\u00e1xima de 1 mes a menos que se especifique lo contrario.<\/p>\n<p>La aplicaci\u00f3n de un vale o cup\u00f3n descuento puede quedar supeditada a una compra por un importe m\u00ednima determinado en el caso de coexistir con una promoci\u00f3n en la que los gastos de env\u00edo tengan coste cero (0euros).<\/p>\n<p>Carns Mil\u00e0 se reserva el derecho de cancelar los cupones o vales descuento cuando observe un uso fraudulento o indebido del sistema de generaci\u00f3n de cupones. Se considera uso fraudulento o indebido del sistema de descuento por cupones, entre otros, el env\u00edo de invitaciones entre cuentas de correo electr\u00f3nico de la misma persona o el uso de cupones de la misma campa\u00f1a en diferentes pedidos del mismo usuario o a entregar en la misma direcci\u00f3n postal. As\u00ed mismo Carns Mil\u00e0 se reserva el derecho a anular todos los cupones descuento asociados a las cuentas sospechosas de uso indebido del sistema de cupones.<\/p>\n<p>Se puede considerar tambi\u00e9n un uso fraudulento o indebido del sistema de descuento por cupones el hecho de usar una misma cuenta de PayPal para realizar el pago de m\u00e1s de 1 pedido haciendo uso del mismo cup\u00f3n de descuento o usando cupones descuento de invitaciones con el objetivo de autoinvitarse, a\u00fan y cuando se trate de usuarios registrados con diferente cuenta de correo electr\u00f3nica que compartan una misma direcci\u00f3n de entrega.<\/p>\n<p>Otras promociones como por ejemplo las anunciadas en soporte papel pueden estar sujeto a un m\u00ednimo de compra de, por ejemplo, 30 euros.<\/p>\n<p>En todo caso, Carns Mil\u00e0 se reserva el derecho a anular aquellos pedidos derivados del uso de dichos cupones o vales de descuento, en cuyo caso deber\u00e1 devolver el importe de la compra anulada, excluyendo cualquier importe que corresponda a dichos cupones y que, por tanto, no correspondan con importes efectivamente desembolsados por los usuarios.<\/p>\n<p>El Usuario se compromete a utilizar el sitio web Carns Mil\u00e0.com de manera conforme con la Ley, con lo dispuesto en estos T\u00e9rminos y Condiciones, la moral, las buenas costumbres, el orden p\u00fablico, y los usos generalmente aceptados, y se obliga a abstenerse de utilizar el sitio web Carns Mil\u00e0.com con fines o efectos il\u00edcitos.<\/p>\n<p>El Usuario responder\u00e1 de los da\u00f1os y perjuicios de toda naturaleza que Carns Mil\u00e0 pueda sufrir como consecuencia de incumplimiento de cualquiera de las obligaciones a las que queda sometido por los presentes T\u00e9rminos y Condiciones.<\/p>\n<h2>Modalidades de pedido, precio y costes de env\u00edo<\/h2>\n<p>Los costes de env\u00edo son gratuitos (0 euros) a partir de 30\u20ac de compra, y tienen un coste de 10 \u20ac para pedidos inferiores.<\/p>\n<p>Tal y como se detalla en la secci\u00f3n &#8220;Zonas de entrega&#8221;, estos costes aplicar\u00e1n a las zonas de reparto disponibles.<\/p>\n<p>Los usuarios tienen la posibilidad de realizar todos sus pedidos desde la p\u00e1gina de Internet: www.carnsmila.com.<\/p>\n<p>Cada usuario de Carns Mil\u00e0 se declara con plena capacidad para utilizar tarjetas de cr\u00e9dito y manifiesta que las mismas tienen fondos suficientes para cubrir todos los costes que resultan de la compra de productos a trav\u00e9s de carnsmila.com.<\/p>\n<p>Al presionar el bot\u00f3n &#8220;Pagar&#8221; durante el proceso de compra, el usuario declara aceptar plenamente y sin reservas la totalidad de los presentes T\u00e9rminos y Condiciones.<\/p>\n<p>Los datos registrados por Carns Mil\u00e0 constituyen la prueba de las transacciones hechas entre Carns Mil\u00e0.com y los usuarios. Carns Mil\u00e0 confirmar\u00e1 su pedido a trav\u00e9s del env\u00edo de un correo electr\u00f3nico.<\/p>\n<p>Por este motivo y junto por motivos de seguridad no se permite la creaci\u00f3n de cuentas de usuario en Carns Mil\u00e0 mediante servicios de email temporales.<\/p>\n<p>En los precios de nuestros productos est\u00e1n incluidos todos los impuestos.<\/p>\n<p>Carns Mil\u00e0 se reserva el derecho a modificar sus precios en cualquier momento, pero los productos se facturar\u00e1n sobre la base de las tarifas en vigor en el momento del registro de los pedidos (a reserva de la disponibilidad que haya del producto).<\/p>\n<p>Carns Mil\u00e0 se reserva el derecho a rechazar un pedido de cualquier usuario con el que tenga un litigio.[\/et_pb_text][et_pb_text _builder_version=&#8221;4.4.1&#8243; hover_enabled=&#8221;0&#8243;]<\/p>\n<h2>Disponibilidad<\/h2>\n<p>Carns Mil\u00e0 har\u00e1 todo lo posible por complacer a todos sus usuarios en la demanda de los productos. En caso de no disponer del producto despu\u00e9s de haberse realizado el pedido el usuario ser\u00e1 informado bien por correo electr\u00f3nico o bien por tel\u00e9fono &#8211; al tel\u00e9fono que el usuario haya registrado &#8211; del hecho, y se le dar\u00e1 a elegir entre o bien cancelar la totalidad del pedido, o bien de la modificarlo incluido su correspondiente importe econ\u00f3mico.<br \/>\nEn ese caso, la rapidez de la devoluci\u00f3n en la cuenta bancaria del cliente depender\u00e1 del tipo de tarjeta utilizada en la compra y de las condiciones de cada entidad bancaria.<\/p>\n<h2>Pago<\/h2>\n<p>El pago de las compras se efect\u00faa por tarjeta bancaria. Las tarjetas bancarias aceptadas son: Visa, MasterCard y American Express.<br \/>\nEn el caso de que el TPV (Terminal Punto de Venta) informara de la denegaci\u00f3n de la tarjeta, se cancelar\u00e1 autom\u00e1ticamente el pedido.<\/p>\n<h2>Seguridad<\/h2>\n<p>Para su seguridad Carns Mil\u00e0 ha confiado en el sistema de pago mediante tarjeta de cr\u00e9dito a una pasarela de pagos. Los datos bancarios introducidos son encriptados y transmitidos de forma segura a los servidores de la entidad bancaria y, posteriormente, son verificados con el banco emisor para evitar posibles fraudes y abusos.<br \/>\nEste procedimiento de introducci\u00f3n de datos est\u00e1 garantizado por la tecnolog\u00eda de encriptaci\u00f3n SSL (Secure Socket Layer) -128 bits, uno de los sistemas de protecci\u00f3n m\u00e1s avanzados y eficaces actualmente disponibles, gracias al cual, ning\u00fan tercero tendr\u00e1 acceso v\u00eda Internet a esta informaci\u00f3n relativa a los datos bancarios introducidos por el cliente.<br \/>\nSolo el Banco, PayPal y Stripe tienen acceso a los datos bancarios vinculados a estos medios de pago, de manera que Carns Mil\u00e0 no conoce ni registra estos datos durante la operaci\u00f3n de pago ni en cualquier otro momento.<\/p>\n<h2>Entrega<\/h2>\n<p>Carns Mil\u00e0 har\u00e1 todo lo posible para entregar en tiempo y forma especificados durante el proceso de compra. El plazo de entrega lo organiza la empresa, siempre dentro del periodo de dos d\u00edas laborables (s\u00e1bados excluidos) desde la compra.<\/p>\n<p>Cada vez que se vaya a enviar un pedido, el comprador recibir\u00e1 un correo electr\u00f3nico tras el pago de la compra.<\/p>\n<p>El pedido de compra que corresponde al pedido estar\u00e1 disponible en Carns Mil\u00e0, una vez que se confirme el pago, a partir de la emisi\u00f3n del correo electr\u00f3nico. Este pedido de compra original incluye el IVA.<\/p>\n<p>Al hacer el pedido en la web de Carns Mil\u00e0, se pedir\u00e1 al usuario que elija el lugar de la entrega, debiendo especificar su domicilio, oficina o centro donde quieren que se le entregue el producto.<\/p>\n<p>Cada entrega se considera efectuada a partir de la puesta a disposici\u00f3n del producto por parte del transportista al cliente en el lugar se\u00f1alado por \u00e9l para la entrega del pedido en el momento de su contrataci\u00f3n, materializado por el sistema de control utilizado por el transportista.<\/p>\n<p>Las reservas y reclamaciones deben ir dirigidas a Carns Mil\u00e0 por correo electr\u00f3nico a botiga@carnsmila.com. En caso de que su paquete llegue roto, mojado, reprecintado con un precinto sin el logotipo de Carns Mil\u00e0 o crea que puede estar da\u00f1ado su contenido, es importante que en un plazo de 24 horas a partir de la recepci\u00f3n de la mercanc\u00eda, lo haga constar en el albar\u00e1n del transportista en el momento de la entrega, y nos indique la incidencia por email a la direcci\u00f3n botiga@carnsmila.com o bien llamando al +34 977 66 29 32. En este sentido, Carns Mil\u00e0 reembolsar\u00e1 el importe de aquellos productos afectados por una rotura o incidencia acontecida durante el proceso de transporte como por ejemplo una p\u00e9rdida.<\/p>\n<h2>Facturaci\u00f3n<\/h2>\n<p>Podr\u00e1s solicitar la factura mediante correo electr\u00f3nico hasta como m\u00e1ximos el d\u00eda 16 del siguiente mes de haber realizado la compra (Real Decreto 1496\/2003). En caso de querer recibir la factura en formato papel o electr\u00f3nico, enviar un e-mail a botiga@carnsmila.com especificando el nombre de usuario de tu cuenta Carns Mil\u00e0 y el n\u00famero de compra del que se quiere obtener la factura.<\/p>\n<h2>Zonas de entrega<\/h2>\n<p>La zona de entrega cubierta por Carns Mil\u00e0 es toda Catalunya.<\/p>\n<h2>Devoluci\u00f3n motivada<\/h2>\n<p>Los art\u00edculos ofrecidos en nuestra web son de m\u00e1xima calidad y en su mayor\u00eda perecederos. Ofrecer la m\u00e1xima calidad y la mejor garant\u00eda es nuestro compromiso con nuestros clientes. Si cuando recibas tu pedido no quedas satisfecho, tienes un plazo de 48 horas a contar desde la fecha de recepci\u00f3n para ejecutar el derecho de devoluci\u00f3n de productos no perecederos.<\/p>\n<p>Si el motivo de la devoluci\u00f3n es por algo que no hemos hecho del todo bien (el producto es defectuoso, no es el que t\u00fa hab\u00edas pedido, etc.), nosotros nos hacemos cargo de los gastos de recogida.<\/p>\n<p>Si el motivo es otro (los productos se sirvieron correctamente pero no son de tu agrado), Carns Mil\u00e0 abonar\u00e1 el coste de los productos exceptuando los gastos de la devoluci\u00f3n que correr\u00e1n a cargo del cliente. Es decir, cuando los productos se sirven correctamente pero no son del agrado del cliente y se han devuelto dentro del plazo establecido Carns Mil\u00e0 abonar\u00e1 el coste de los productos y los gastos de env\u00edo (en caso de que se hayan abonado en el momento de la compra) exceptuando los gastos de la devoluci\u00f3n que correr\u00e1n a cargo del cliente.<\/p>\n<p>Los productos frescos o congelados susceptibles de deterioro no se pueden devolver seg\u00fan la legislaci\u00f3n vigente, ello por motivos de higiene y salud. M\u00e1s a\u00fan con la aparici\u00f3n del Covid-19.<br \/>\nSin embargo ello no significa que no se admitan reclamaciones referidas a estos productos, e incluso la posibilidad de reembolso.<\/p>\n<p>Cuando se produzca un problema de calidad en un producto perecedero, es obligatorio reportarlo lo antes posible y en todo caso antes de las 48 horas de la entrega. Se debe de escribir un correo a botiga@carnsmila.com que incluya descripci\u00f3n exacta del art\u00edculo, problem\u00e1tica. Apoyado por fotograf\u00edas si es posible. Como alternativa, recopilar los datos y llamar al tel\u00e9fono +34 977 66 29 32, preguntando por CALIDAD.<\/p>\n<p>Nuestro departamento de calidad se pondr\u00e1 en contacto con usted y le indicar\u00e1 como proceder con el producto presuntamente defectuoso.<\/p>\n<p>Tras realizar una investigaci\u00f3n, le ser\u00e1 comunicado el resultado y abonado el reembolso que le corresponda.<\/p>\n<p>En el supuesto de que Carns Mil\u00e0 se dispusiera a realizar una entrega en un lugar y durante un horario previamente concertados y confirmados por parte de un cliente de acuerdo a lo estipulado en los presentes T\u00e9rminos y Condiciones, y el mismo no se hallara en dicho lugar (en adelante \u201causencia no comunicada\u201d) y durante el horario previamente concertados, Carns Mil\u00e0 se reserva de forma unilateral, la facultad de reintegrar el importe de la compra a dicho cliente, restando en todo caso al importe correspondiente, los gastos que se hubieran devengado como consecuencia del transporte y\/o de la preparaci\u00f3n de la compra por parte de \u00e9sta, as\u00ed como los gastos de devoluci\u00f3n. Los gastos de entrega ascender\u00e1n a un importe de 10 \u20ac. Los gastos de devoluci\u00f3n por \u201causencia no comunicada\u201d ser\u00e1n los mismos aplicables para el caso previsto en el p\u00e1rrafo anterior.<\/p>\n<p>A pesar del p\u00e1rrafo precedente, Carns Mil\u00e0 tiene como procedimiento habitual efectuar una llamada al cliente y tratar de concertar una nueva entrega; pero no puede garantizarlo ya que depende del servicio de las agencias de transporte en la localidad en cuesti\u00f3n.<\/p>\n<p>En el supuesto de que Carns Mil\u00e0 no realice la entrega en el lugar previamente concertados y confirmados por el cliente, podr\u00e1 \u00e9ste \u00faltimo de forma unilateral rehusar el pedido y Carns Mil\u00e0 deber\u00e1 reintegrarle el importe total de la compra que efectivamente haya abonado.<\/p>\n<h2>Devoluci\u00f3n por desistimiento<\/h2>\n<p>Carns Mil\u00e0 solo aceptar\u00e1 devoluciones ajenas a reclamaciones o problemas, que cumplan los siguientes requisitos:<\/p>\n<p>No puede ser producto susceptible de deterioro sanitario por temperatura o manipulaci\u00f3n.<\/p>\n<p>El producto debe estar en el mismo estado en que se entreg\u00f3 y deber\u00e1 conservar, en la medida de lo posible, su embalaje y etiquetado original.<\/p>\n<p>El env\u00edo debe hacerse usando la misma caja o sobre que te hemos enviado, o en su defecto en alg\u00fan formato similar que garantice la devoluci\u00f3n en perfecto estado.<\/p>\n<p>El proceso de devoluci\u00f3n debe iniciarse antes de 24 horas desde la entrega.<\/p>\n<p>Para iniciar el proceso de devoluci\u00f3n ponte en contacto con nosotros a trav\u00e9s de la direcci\u00f3n botiga@carnsmila.com o bien llamando al +34 977 66 29 32.<\/p>\n<p>Los bienes a devolver estar\u00e1n, siempre y en todo caso, sin usar, salvo lo dispuesto en el art\u00edculo 79 del Real Decreto 1\/2007, de 16 de noviembre.<\/p>\n<p>De conformidad con la legalidad vigente (art\u00edculo 103 del R. D. Legislativo 1\/2007, de 16 de noviembre), lo anterior no ser\u00e1 de aplicaci\u00f3n, entre otros supuestos, a:<\/p>\n<ol>\n<li>Bienes que puedan deteriorarse o caducar con rapidez (como ALIMENTOS FRESCOS O CONGELADOS), productos abiertos y\/o consumidos parcialmente.<\/li>\n<li>Bienes precintados que no sean aptos para ser devueltos por razones de protecci\u00f3n de la salud o de higiene y que hayan sido desprecintados tras la entrega. (A t\u00edtulo de ejemplo: Ropa interior, ba\u00f1adores, colchones, etc.)<\/li>\n<li>Bienes que despu\u00e9s de su entrega y teniendo en cuenta su naturaleza se hayan mezclado de forma indisociable con otros bienes.<\/li>\n<li>Grabaciones sonoras o de v\u00eddeo precintadas o de programas inform\u00e1ticos precintados que hayan sido desprecintados por el consumidor y usuario despu\u00e9s de la entrega. El mismo criterio se aplicar\u00e1 a los libros.<\/li>\n<li>Bienes confeccionados conforme a las especificaciones del consumidor y usuario o claramente personalizados.<\/li>\n<li>Prensa diaria, publicaciones peri\u00f3dicas o revistas, con la excepci\u00f3n de los contratos de suscripci\u00f3n para el suministro de tales publicaciones.<\/li>\n<\/ol>\n<p>La devoluci\u00f3n del importe del producto se realizar\u00e1 o bien con una devoluci\u00f3n directa del importe a trav\u00e9s del m\u00e9todo de pago utilizado por el cliente en su compra, o bien con el env\u00edo de cupones en la cuenta del cliente, dependiendo del caso concreto y las posibilidades. En caso de realizarlo a trav\u00e9s de cupones, \u00e9stos tendr\u00e1n una validez de 30 d\u00edas naturales.<\/p>\n<p>Quedan excluidas de la devoluci\u00f3n de los gastos de env\u00edo todas las compras enviadas mediante paqueter\u00eda , 10 \u20ac\/paquete.[\/et_pb_text][et_pb_text _builder_version=&#8221;4.4.1&#8243; hover_enabled=&#8221;0&#8243;]<\/p>\n<h2>Garant\u00eda<\/h2>\n<p>Las garant\u00edas y servicios postventa se regir\u00e1n por el Real Decreto Legislativo 1\/2007 de 16 de noviembre que aprueba el texto de la Ley General para la Defensa de los Consumidores y Usuarios. De acuerdo con esta norma, el vendedor est\u00e1 obligado a entregar al consumidor y usuario productos que sean conformes con el contrato, respondiendo frente a \u00e9l de cualquier falta de conformidad. El consumidor y usuario tiene derecho a la reparaci\u00f3n del producto, a su sustituci\u00f3n, a la rebaja del precio o a la resoluci\u00f3n del contrato. Los plazos legales son de dos a\u00f1os de duraci\u00f3n de la garant\u00eda desde la entrega del producto y de dos meses desde que el usuario conoce la falta de conformidad con el producto para comunic\u00e1rselo al vendedor.<\/p>\n<h2>Responsabilidad, litigios y legislaci\u00f3n aplicable<\/h2>\n<p>Carns Mil\u00e0 no puede considerarse como responsable del incumplimiento del contrato celebrado en caso de ruptura de existencias, fuerza mayor, perturbaci\u00f3n o huelga total o parcial, en particular, de los servicios postales y medios de transporte y\/o comunicaciones, inundaci\u00f3n o incendio, o similares, sin perjuicio de la devoluci\u00f3n al cliente del importe de la compra que efectivamente haya satisfecho<\/p>\n<p>Los presentes T\u00e9rminos y Condiciones se rigen por la ley espa\u00f1ola.<\/p>\n<p>En caso de litigio, el usuario se dirigir\u00e1 en primera instancia a Carns Mil\u00e0 para obtener una soluci\u00f3n amistosa.<\/p>\n<p>Se interpretar\u00e1n las presentes condiciones generales de venta en lengua espa\u00f1ola y se realizar\u00e1n de acuerdo con el derecho espa\u00f1ol. Todo desacuerdo que pudiera nacer con motivo de su validez, su interpretaci\u00f3n o su ejecuci\u00f3n se presentar\u00e1 a los tribunales del domicilio del cliente, a los cuales se hace expresamente atribuci\u00f3n exclusiva de competencia.<\/p>\n<p>Estas Condiciones Generales se rigen por la ley espa\u00f1ola. Las partes se someten, a su elecci\u00f3n, para la resoluci\u00f3n de los conflictos y con renuncia a cualquier otro fuero, a los juzgados y tribunales de El Vendrell.<\/p>\n<p>La Comisi\u00f3n Europea facilita tambi\u00e9n a los consumidores de la Uni\u00f3n Europea la plataforma de resoluci\u00f3n de litigios en l\u00ednea para resolver los litigios de forma amistosa (art\u00edculo 14 apartado 1 Reglamento (UE) 524\/2013, accesible en la web https:\/\/ec.europa.eu\/odr.<\/p>\n<p>Los presentes T\u00e9rminos y Condiciones se interpretar\u00e1n en lengua espa\u00f1ola<\/p>\n<h2>Modificaci\u00f3n de las condiciones generales de venta<\/h2>\n<p>Carns Mil\u00e0 se reserva el derecho a modificar los T\u00e9rminos y Condiciones sin previo aviso, pudiendo cambiar, suprimir o a\u00f1adir tanto los contenidos y servicios que se presten a trav\u00e9s del mismo como la forma en la que estos aparezcan presentados o localizados en sus servidores.<\/p>\n<p>Estos cambios deber\u00e1n ser aceptados por el usuario cada vez que haga efectiva una compra a trav\u00e9s de la p\u00e1gina Carns Mil\u00e0.<\/p>\n<p>Los usuarios de Carns Mil\u00e0 que no est\u00e9n conformes con las modificaciones de los T\u00e9rminos y Condiciones, deber\u00e1n notificarlo y, a partir de la fecha en la cual la nueva versi\u00f3n entrara en vigor, deber\u00e1n dejar de utilizar los servicios de Carns Mil\u00e0.<\/p>\n<p>Si cualquier t\u00e9rmino incluido en los presentes T\u00e9rminos y Condiciones fuese declarada, total o parcialmente, nula o ineficaz, tal nulidad o ineficacia afectar\u00e1 tan solo a dicha disposici\u00f3n o a la parte de la misma que resulte nula o ineficaz, subsistiendo las condiciones generales en todo lo dem\u00e1s, teni\u00e9ndose tal disposici\u00f3n, o la parte de la misma que resultase afectada, por no puesta.<\/p>\n<h2>Propiedad Industrial e Intelectual<\/h2>\n<p>Todos los contenidos mostrados, las marcas y nombres comerciales, tanto de car\u00e1cter visual como de texto, mencionados en este sitio web son propiedad exclusiva de sus respectivos y leg\u00edtimos propietarios. Carns Mil\u00e0.com hace un uso legal de ellos para designar los contenidos, conforme a las limitaciones del derecho de marca.<\/p>\n<h2>Acerca de Carns Mil\u00e0<\/h2>\n<p>J.MIL\u00c0, S.A. (en adelante Carns Mil\u00e0). con domicilio social en C\/ Tarragon\u00e8s 25 Pol. Ind. Mol\u00ed d\u2019en Serra Santa Oliva (Tarragona) CP 43710 i CIF A43094929.<\/p>\n<h2>Denegaci\u00f3n y retirada del acceso al sitio web carnsmila.com y\/o servicios<\/h2>\n<p>Carns Mil\u00e0 se reserva el derecho a denegar o retirar el acceso al sitio web carnsmila.com y\/o a los servicios, en cualquier momento y sin necesidad de preaviso, por iniciativa propia o a instancia de un tercero, a aquellos Usuarios que incumplan los presentes T\u00e9rminos y Condiciones o la normativa que resulte de aplicaci\u00f3n.<br \/>\n[\/et_pb_text][\/et_pb_column][\/et_pb_row][\/et_pb_section]<\/p>\n","protected":false},"excerpt":{"rendered":"<p>T\u00e9rminos y Condiciones Los presentes T\u00e9rminos y Condiciones regulan el uso del servicio del sitio web Carns Mil\u00e0 de Internet www.carnsmila.com que J.MIL\u00c0, S.A. (en adelante Carns Mil\u00e0). con domicilio social en C\/ Tarragon\u00e8s 25 Pol. Ind. Mol\u00ed d\u2019en Serra Santa Oliva (Tarragona) CP 43710 i CIF A43094929. La utilizaci\u00f3n del sitio web Carns Mil\u00e0, [&hellip;]<\/p>\n","protected":false},"author":1,"featured_media":0,"parent":0,"menu_order":0,"comment_status":"closed","ping_status":"closed","template":"","meta":{"_et_pb_use_builder":"on","_et_pb_old_content":"","_et_gb_content_width":"","footnotes":""},"class_list":["post-9702","page","type-page","status-publish","hentry"],"_links":{"self":[{"href":"https:\/\/www.carnsmila.com\/es\/wp-json\/wp\/v2\/pages\/9702","targetHints":{"allow":["GET"]}}],"collection":[{"href":"https:\/\/www.carnsmila.com\/es\/wp-json\/wp\/v2\/pages"}],"about":[{"href":"https:\/\/www.carnsmila.com\/es\/wp-json\/wp\/v2\/types\/page"}],"author":[{"embeddable":true,"href":"https:\/\/www.carnsmila.com\/es\/wp-json\/wp\/v2\/users\/1"}],"replies":[{"embeddable":true,"href":"https:\/\/www.carnsmila.com\/es\/wp-json\/wp\/v2\/comments?post=9702"}],"version-history":[{"count":3,"href":"https:\/\/www.carnsmila.com\/es\/wp-json\/wp\/v2\/pages\/9702\/revisions"}],"predecessor-version":[{"id":9705,"href":"https:\/\/www.carnsmila.com\/es\/wp-json\/wp\/v2\/pages\/9702\/revisions\/9705"}],"wp:attachment":[{"href":"https:\/\/www.carnsmila.com\/es\/wp-json\/wp\/v2\/media?parent=9702"}],"curies":[{"name":"wp","href":"https:\/\/api.w.org\/{rel}","templated":true}]}}