{"id":3685,"date":"2020-01-14T21:05:03","date_gmt":"2020-01-14T19:05:03","guid":{"rendered":"https:\/\/www.carnsmila.com\/pagani-chef\/"},"modified":"2025-03-17T10:19:55","modified_gmt":"2025-03-17T08:19:55","slug":"pagani-chef","status":"publish","type":"page","link":"https:\/\/www.carnsmila.com\/es\/pagani-chef\/","title":{"rendered":"Pagani Chef"},"content":{"rendered":"<p>[et_pb_section fb_built=&#8221;1&#8243; _builder_version=&#8221;4.16&#8243; background_image=&#8221;https:\/\/www.carnsmila.com\/wp-content\/uploads\/2020\/01\/pagani-chef-carns-mila-landing.jpg&#8221; background_position=&#8221;bottom_left&#8221; min_height=&#8221;564px&#8221; custom_padding=&#8221;60px|0px|494px|0px|false|false&#8221; global_colors_info=&#8221;{}&#8221;][\/et_pb_section][et_pb_section fb_built=&#8221;1&#8243; _builder_version=&#8221;4.16&#8243; background_color=&#8221;#006564&#8243; custom_padding=&#8221;0px||0px||false|false&#8221; global_colors_info=&#8221;{}&#8221; background_color__hover=&#8221;rgba(249,0,16,0)&#8221;][et_pb_row column_structure=&#8221;1_2,1_2&#8243; _builder_version=&#8221;4.16&#8243; custom_padding=&#8221;||0px|||&#8221; global_colors_info=&#8221;{}&#8221;][et_pb_column type=&#8221;1_2&#8243; _builder_version=&#8221;4.16&#8243; custom_padding=&#8221;|||&#8221; global_colors_info=&#8221;{}&#8221; custom_padding__hover=&#8221;|||&#8221;][et_pb_text _builder_version=&#8221;4.16&#8243; text_font=&#8221;||||||||&#8221; text_text_color=&#8221;#FFFFFF&#8221; header_text_color=&#8221;#ffffff&#8221; header_2_font=&#8221;||||||||&#8221; header_2_text_color=&#8221;#FFFFFF&#8221; custom_margin=&#8221;||35px||false|false&#8221; custom_padding=&#8221;60px||||false|false&#8221; global_colors_info=&#8221;{}&#8221;]<\/p>\n<h1>Productos Pagani Chef<\/h1>\n<p>[\/et_pb_text][et_pb_text _builder_version=&#8221;4.16&#8243; text_font=&#8221;||||||||&#8221; text_text_color=&#8221;#FFFFFF&#8221; header_font=&#8221;||||||||&#8221; header_2_font=&#8221;||||||||&#8221; header_2_text_color=&#8221;#FFFFFF&#8221; global_colors_info=&#8221;{}&#8221;]<strong>La l\u00ednea de aditivos naturales libres de qu\u00edmicos<\/strong><\/p>\n<p>Destaca por ser el complemento ideal de los productos Mil\u00e0, por ser vers\u00e1tiles ante las presentaciones de la l\u00ednea de restauraci\u00f3n, as\u00ed como para asegurar los mejores aditivos de origen completamente natural para las l\u00edneas de procesados.<\/p>\n<p><strong>\u00bfQu\u00e9 mejor manera de saborear, decorar y embellecer las preparaciones gourmet?<\/strong><\/p>\n<p>Con Pagani Chef ofrecemos una gama para enriquecer con gusto y embellecer las preparaciones gastron\u00f3micas, con un excelente resultado que har\u00e1 las delicias de los ojos y de la boca. Adem\u00e1s, cada producto presenta una amplia propuesta de recetas testadas pensadas para todo tipo de ocasiones.<\/p>\n<p><strong>M\u00e1s creatividad en las recetas<\/strong><\/p>\n<p>Encontrar\u00e1 un mont\u00f3n de ideas nuevas, f\u00e1ciles de hacer con sugerencias \u00fatiles descritos paso a paso, con un lenguaje claro y sencillo. Durante las demostraciones que hacemos conjuntamente, describimos los m\u00e9todos y las t\u00e9cnicas m\u00e1s innovadoras para la preparaci\u00f3n y la transformaci\u00f3n de las carnes.[\/et_pb_text][\/et_pb_column][et_pb_column type=&#8221;1_2&#8243; _builder_version=&#8221;4.16&#8243; custom_padding=&#8221;|||&#8221; global_colors_info=&#8221;{}&#8221; custom_padding__hover=&#8221;|||&#8221;][et_pb_image src=&#8221;https:\/\/www.carnsmila.com\/wp-content\/uploads\/2020\/01\/logo-pagani-chef-transparent.png&#8221; _builder_version=&#8221;4.16&#8243; max_width=&#8221;350px&#8221; module_alignment=&#8221;right&#8221; global_colors_info=&#8221;{}&#8221;][\/et_pb_image][\/et_pb_column][\/et_pb_row][\/et_pb_section][et_pb_section fb_built=&#8221;1&#8243; fullwidth=&#8221;on&#8221; _builder_version=&#8221;4.16&#8243; global_colors_info=&#8221;{}&#8221;][et_pb_fullwidth_header header_scroll_down=&#8221;on&#8221; scroll_down_icon=&#8221;%%1%%&#8221; _builder_version=&#8221;4.16&#8243; background_color=&#8221;#006564&#8243; global_colors_info=&#8221;{}&#8221;][\/et_pb_fullwidth_header][\/et_pb_section][et_pb_section fb_built=&#8221;1&#8243; admin_label=&#8221;picto&#8221; _builder_version=&#8221;4.16&#8243; custom_padding=&#8221;||||false|false&#8221; global_colors_info=&#8221;{}&#8221;][et_pb_row column_structure=&#8221;1_4,1_4,1_4,1_4&#8243; use_custom_gutter=&#8221;on&#8221; gutter_width=&#8221;1&#8243; make_equal=&#8221;on&#8221; module_class=&#8221;home-productes ultima&#8221; _builder_version=&#8221;4.16&#8243; max_width=&#8221;1250px&#8221; custom_padding=&#8221;0px|0px|0|0px|false|false&#8221; use_custom_width=&#8221;on&#8221; custom_width_px=&#8221;1250px&#8221; global_colors_info=&#8221;{}&#8221; background_color_1__hover_enabled=&#8221;on&#8221; background_color_1__hover=&#8221;#fc5961&#8243; background_color_2__hover_enabled=&#8221;on&#8221; background_color_2__hover=&#8221;#fc5961&#8243; background_color_3__hover_enabled=&#8221;on&#8221; background_color_3__hover=&#8221;#fc5961&#8243; background_color_4__hover_enabled=&#8221;on&#8221; background_color_4__hover=&#8221;#fc5961&#8243;][et_pb_column type=&#8221;1_4&#8243; _builder_version=&#8221;4.16&#8243; background_color=&#8221;#ffffff&#8221; custom_padding=&#8221;|||&#8221; border_color_right=&#8221;#e02b20&#8243; border_style_right=&#8221;dotted&#8221; border_color_bottom=&#8221;#e02b20&#8243; border_style_bottom=&#8221;dotted&#8221; global_colors_info=&#8221;{}&#8221; background_color__hover=&#8221;#fc5961&#8243; background_color__hover_enabled=&#8221;on&#8221; custom_padding__hover=&#8221;|||&#8221; background__hover_enabled=&#8221;off|hover&#8221;][et_pb_blurb title=&#8221;Marinadas Gustos\u00ec&#8221; image=&#8221;https:\/\/www.carnsmila.com\/wp-content\/uploads\/2020\/01\/pagani-gustosi-transp.png&#8221; module_class=&#8221;productes-home&#8221; _builder_version=&#8221;4.16&#8243; header_level=&#8221;h2&#8243; header_font=&#8221;|300|on||||||&#8221; header_text_align=&#8221;left&#8221; header_text_color=&#8221;#e02b20&#8243; header_font_size=&#8221;24px&#8221; custom_padding=&#8221;||10px|10px|false|false&#8221; header_text_color_last_edited=&#8221;off|desktop&#8221; global_colors_info=&#8221;{}&#8221; background_color__hover=&#8221;#fc5961&#8243; background_enable_color__hover=&#8221;on&#8221; background_layout__hover_enabled=&#8221;on|hover&#8221; background_layout__hover=&#8221;dark&#8221; header_text_color__hover_enabled=&#8221;on|hover&#8221; header_text_color__hover=&#8221;#ffffff&#8221; background__hover_enabled=&#8221;on|hover&#8221;][\/et_pb_blurb][\/et_pb_column][et_pb_column type=&#8221;1_4&#8243; _builder_version=&#8221;4.16&#8243; background_color=&#8221;#ffffff&#8221; custom_padding=&#8221;|||&#8221; border_color_right=&#8221;#e02b20&#8243; border_style_right=&#8221;dotted&#8221; border_color_bottom=&#8221;#e02b20&#8243; border_style_bottom=&#8221;dotted&#8221; global_colors_info=&#8221;{}&#8221; background_color__hover=&#8221;#fc5961&#8243; background_color__hover_enabled=&#8221;on&#8221; custom_padding__hover=&#8221;|||&#8221;][et_pb_blurb title=&#8221;Conservantes y aromas&#8221; image=&#8221;https:\/\/www.carnsmila.com\/wp-content\/uploads\/2020\/01\/pagani-conservacio.png&#8221; title_tablet=&#8221;&#8221; title_phone=&#8221;&#8221; title_last_edited=&#8221;on|desktop&#8221; module_class=&#8221;productes-home&#8221; _builder_version=&#8221;4.16&#8243; header_level=&#8221;h2&#8243; header_font=&#8221;|300|on||||||&#8221; header_text_align=&#8221;left&#8221; header_text_color=&#8221;#e02b20&#8243; header_font_size=&#8221;24px&#8221; custom_padding=&#8221;||10px|10px|false|false&#8221; header_text_color_last_edited=&#8221;off|desktop&#8221; global_colors_info=&#8221;{}&#8221; background_color__hover=&#8221;#fc5961&#8243; background_enable_color__hover=&#8221;on&#8221; background_layout__hover_enabled=&#8221;on|hover&#8221; background_layout__hover=&#8221;dark&#8221; header_text_color__hover_enabled=&#8221;on|hover&#8221; header_text_color__hover=&#8221;#ffffff&#8221; background__hover_enabled=&#8221;on|hover&#8221;][\/et_pb_blurb][\/et_pb_column][et_pb_column type=&#8221;1_4&#8243; _builder_version=&#8221;4.16&#8243; background_color=&#8221;#ffffff&#8221; custom_padding=&#8221;|||&#8221; border_color_right=&#8221;#e02b20&#8243; border_style_right=&#8221;dotted&#8221; border_color_bottom=&#8221;#e02b20&#8243; border_style_bottom=&#8221;dotted&#8221; global_colors_info=&#8221;{}&#8221; background_color__hover=&#8221;#fc5961&#8243; background_color__hover_enabled=&#8221;on&#8221; custom_padding__hover=&#8221;|||&#8221;][et_pb_blurb title=&#8221;Condimentos&#8221; image=&#8221;https:\/\/www.carnsmila.com\/wp-content\/uploads\/2020\/01\/pagani-condiment-deco.png&#8221; module_class=&#8221;productes-home&#8221; _builder_version=&#8221;4.16&#8243; header_level=&#8221;h2&#8243; header_font=&#8221;|300|on||||||&#8221; header_text_align=&#8221;left&#8221; header_text_color=&#8221;#e02b20&#8243; header_font_size=&#8221;24px&#8221; custom_padding=&#8221;||10px|10px|false|false&#8221; header_text_color_last_edited=&#8221;off|desktop&#8221; global_colors_info=&#8221;{}&#8221; background_color__hover=&#8221;#fc5961&#8243; background_enable_color__hover=&#8221;on&#8221; background_layout__hover_enabled=&#8221;on|hover&#8221; background_layout__hover=&#8221;dark&#8221; header_text_color__hover_enabled=&#8221;on|hover&#8221; header_text_color__hover=&#8221;#ffffff&#8221; background__hover_enabled=&#8221;on|hover&#8221;][\/et_pb_blurb][\/et_pb_column][et_pb_column type=&#8221;1_4&#8243; _builder_version=&#8221;4.16&#8243; background_color=&#8221;#ffffff&#8221; custom_padding=&#8221;|||&#8221; border_color_right=&#8221;#e02b20&#8243; border_style_right=&#8221;dotted&#8221; border_color_bottom=&#8221;#e02b20&#8243; border_style_bottom=&#8221;dotted&#8221; global_colors_info=&#8221;{}&#8221; background_color__hover=&#8221;#fc5961&#8243; background_color__hover_enabled=&#8221;on&#8221; custom_padding__hover=&#8221;|||&#8221;][et_pb_blurb title=&#8221;Pan rallado y empanados&#8221; image=&#8221;https:\/\/www.carnsmila.com\/wp-content\/uploads\/2020\/01\/pagani-empanados-transp.png&#8221; module_class=&#8221;productes-home&#8221; _builder_version=&#8221;4.16&#8243; header_level=&#8221;h2&#8243; header_font=&#8221;|300|on||||||&#8221; header_text_align=&#8221;left&#8221; header_text_color=&#8221;#e02b20&#8243; header_font_size=&#8221;24px&#8221; custom_padding=&#8221;||10px|10px|false|false&#8221; header_text_color_last_edited=&#8221;off|desktop&#8221; global_colors_info=&#8221;{}&#8221; background_color__hover=&#8221;#fc5961&#8243; background_enable_color__hover=&#8221;on&#8221; background_layout__hover_enabled=&#8221;on|hover&#8221; background_layout__hover=&#8221;dark&#8221; header_text_color__hover_enabled=&#8221;on|hover&#8221; header_text_color__hover=&#8221;#ffffff&#8221; background__hover_enabled=&#8221;on|hover&#8221;][\/et_pb_blurb][\/et_pb_column][\/et_pb_row][\/et_pb_section][et_pb_section fb_built=&#8221;1&#8243; _builder_version=&#8221;4.16&#8243; custom_padding=&#8221;0px||||false|false&#8221; global_colors_info=&#8221;{}&#8221;][et_pb_row column_structure=&#8221;1_2,1_2&#8243; _builder_version=&#8221;4.16&#8243; global_colors_info=&#8221;{}&#8221;][et_pb_column type=&#8221;1_2&#8243; _builder_version=&#8221;4.16&#8243; global_colors_info=&#8221;{}&#8221;][et_pb_text _builder_version=&#8221;4.16&#8243; global_colors_info=&#8221;{}&#8221;]<\/p>\n<h3>\u00bfQuieres descargarte nuestro cat\u00e1logo de Pagani Chef?<\/h3>\n<p>Rellena el formulario de contacto y te haremos llegar nuestro cat\u00e1logo.[\/et_pb_text][\/et_pb_column][et_pb_column type=&#8221;1_2&#8243; _builder_version=&#8221;4.16&#8243; global_colors_info=&#8221;{}&#8221;][et_pb_text _builder_version=&#8221;4.27.4&#8243; hover_enabled=&#8221;0&#8243; global_colors_info=&#8221;{}&#8221; sticky_enabled=&#8221;0&#8243;]<\/p>\n<h3>Formulario de contacto<\/h3>\n<p><script charset=\"utf-8\" type=\"text\/javascript\" src=\"\/\/js-eu1.hsforms.net\/forms\/embed\/v2.js\"><\/script><br \/>\n<script>\n  hbspt.forms.create({\n    portalId: \"25608941\",\n    formId: \"71f2da63-e3ba-4efb-a0f5-8cdd2cc17192\",\n    region: \"eu1\"\n  });\n<\/script>[\/et_pb_text][\/et_pb_column][\/et_pb_row][\/et_pb_section]<\/p>\n","protected":false},"excerpt":{"rendered":"<p>Productos Pagani ChefLa l\u00ednea de aditivos naturales libres de qu\u00edmicos Destaca por ser el complemento ideal de los productos Mil\u00e0, por ser vers\u00e1tiles ante las presentaciones de la l\u00ednea de restauraci\u00f3n, as\u00ed como para asegurar los mejores aditivos de origen completamente natural para las l\u00edneas de procesados. \u00bfQu\u00e9 mejor manera de saborear, decorar y embellecer [&hellip;]<\/p>\n","protected":false},"author":4,"featured_media":0,"parent":0,"menu_order":0,"comment_status":"closed","ping_status":"closed","template":"","meta":{"_et_pb_use_builder":"on","_et_pb_old_content":"","_et_gb_content_width":"","footnotes":""},"class_list":["post-3685","page","type-page","status-publish","hentry"],"_links":{"self":[{"href":"https:\/\/www.carnsmila.com\/es\/wp-json\/wp\/v2\/pages\/3685","targetHints":{"allow":["GET"]}}],"collection":[{"href":"https:\/\/www.carnsmila.com\/es\/wp-json\/wp\/v2\/pages"}],"about":[{"href":"https:\/\/www.carnsmila.com\/es\/wp-json\/wp\/v2\/types\/page"}],"author":[{"embeddable":true,"href":"https:\/\/www.carnsmila.com\/es\/wp-json\/wp\/v2\/users\/4"}],"replies":[{"embeddable":true,"href":"https:\/\/www.carnsmila.com\/es\/wp-json\/wp\/v2\/comments?post=3685"}],"version-history":[{"count":5,"href":"https:\/\/www.carnsmila.com\/es\/wp-json\/wp\/v2\/pages\/3685\/revisions"}],"predecessor-version":[{"id":26801,"href":"https:\/\/www.carnsmila.com\/es\/wp-json\/wp\/v2\/pages\/3685\/revisions\/26801"}],"wp:attachment":[{"href":"https:\/\/www.carnsmila.com\/es\/wp-json\/wp\/v2\/media?parent=3685"}],"curies":[{"name":"wp","href":"https:\/\/api.w.org\/{rel}","templated":true}]}}