{"id":3634,"date":"2019-12-20T10:48:04","date_gmt":"2019-12-20T08:48:04","guid":{"rendered":"https:\/\/www.carnsmila.com\/producto\/"},"modified":"2024-05-17T11:53:55","modified_gmt":"2024-05-17T09:53:55","slug":"producto","status":"publish","type":"page","link":"https:\/\/www.carnsmila.com\/es\/producto\/","title":{"rendered":"Productos"},"content":{"rendered":"<p>[et_pb_section fb_built=&#8221;1&#8243; _builder_version=&#8221;4.16&#8243; background_image=&#8221;https:\/\/www.carnsmila.com\/wp-content\/uploads\/2020\/01\/carns-mila-productes.jpg&#8221; min_height=&#8221;564px&#8221; custom_padding=&#8221;60px|0px|494px|0px|false|false&#8221; global_colors_info=&#8221;{}&#8221;][\/et_pb_section][et_pb_section fb_built=&#8221;1&#8243; fullwidth=&#8221;on&#8221; _builder_version=&#8221;4.16&#8243; global_colors_info=&#8221;{}&#8221;][et_pb_fullwidth_header header_scroll_down=&#8221;on&#8221; scroll_down_icon=&#8221;%%1%%&#8221; _builder_version=&#8221;4.16&#8243; background_color=&#8221;rgba(0,0,0,0)&#8221; background_enable_image=&#8221;off&#8221; custom_padding=&#8221;0px||0px||false|false&#8221; global_colors_info=&#8221;{}&#8221;][\/et_pb_fullwidth_header][\/et_pb_section][et_pb_section fb_built=&#8221;1&#8243; _builder_version=&#8221;4.16&#8243; background_color=&#8221;#fa2e38&#8243; custom_padding=&#8221;60px||0px||false|false&#8221; global_colors_info=&#8221;{}&#8221; background_color__hover=&#8221;rgba(249,0,16,0)&#8221;][et_pb_row _builder_version=&#8221;4.16&#8243; global_colors_info=&#8221;{}&#8221;][et_pb_column type=&#8221;4_4&#8243; _builder_version=&#8221;4.16&#8243; custom_padding=&#8221;|||&#8221; global_colors_info=&#8221;{}&#8221; custom_padding__hover=&#8221;|||&#8221;][et_pb_text _builder_version=&#8221;4.16&#8243; text_font=&#8221;||||||||&#8221; text_text_color=&#8221;#FFFFFF&#8221; header_text_color=&#8221;#ffffff&#8221; header_2_font=&#8221;||||||||&#8221; header_2_text_color=&#8221;#FFFFFF&#8221; custom_margin=&#8221;||35px||false|false&#8221; global_colors_info=&#8221;{}&#8221;]<\/p>\n<h1>Nuestros productos<\/h1>\n<p>[\/et_pb_text][et_pb_text _builder_version=&#8221;4.16&#8243; text_font=&#8221;||||||||&#8221; text_text_color=&#8221;#FFFFFF&#8221; header_font=&#8221;||||||||&#8221; header_2_font=&#8221;||||||||&#8221; header_2_text_color=&#8221;#FFFFFF&#8221; global_colors_info=&#8221;{}&#8221;]<\/p>\n<p>Carns Mil\u00e0 dispone de una amplia variedad de productos con diferentes presentaciones y tipos de envasado, seg\u00fan las necesidades del cliente. Todos los productos pasan por un estricto control de calidad y trazabilidad garantizando en todo momento las condiciones higi\u00e9nico- sanitarias del producto. Todas las exigencias establecidas en Carns Mil\u00e0, son requeridas a los proveedores con la finalidad de obtener carnes de excelente calidad y garantizando la conservaci\u00f3n de todas sus propiedades nutricionales y organol\u00e9pticas.<\/p>\n<p>[\/et_pb_text][\/et_pb_column][\/et_pb_row][\/et_pb_section][et_pb_section fb_built=&#8221;1&#8243; fullwidth=&#8221;on&#8221; _builder_version=&#8221;4.16&#8243; global_colors_info=&#8221;{}&#8221;][et_pb_fullwidth_header header_scroll_down=&#8221;on&#8221; scroll_down_icon=&#8221;%%1%%&#8221; _builder_version=&#8221;4.16&#8243; global_colors_info=&#8221;{}&#8221;][\/et_pb_fullwidth_header][\/et_pb_section][et_pb_section fb_built=&#8221;1&#8243; _builder_version=&#8221;4.16&#8243; global_colors_info=&#8221;{}&#8221;][et_pb_row column_structure=&#8221;1_2,1_2&#8243; use_custom_gutter=&#8221;on&#8221; make_equal=&#8221;on&#8221; _builder_version=&#8221;4.16&#8243; global_colors_info=&#8221;{}&#8221;][et_pb_column type=&#8221;1_2&#8243; _builder_version=&#8221;4.16&#8243; global_colors_info=&#8221;{}&#8221;][et_pb_blurb title=&#8221;Ternera&#8221; image=&#8221;https:\/\/www.carnsmila.com\/wp-content\/uploads\/2019\/11\/picto-vedella.png&#8221; module_id=&#8221;vedella-product&#8221; _builder_version=&#8221;4.16&#8243; header_level=&#8221;h2&#8243; header_font=&#8221;|300|||||||&#8221; global_colors_info=&#8221;{}&#8221;]<\/p>\n<p>Selecci\u00f3n de hembras y machos con clasificaci\u00f3n R-U y nivel de grasa 2-3-4 (SEUROP).<\/p>\n<h4>Origen<\/h4>\n<p>Nacional y de importaci\u00f3n (Irlanda, Nebraska, Jap\u00f3n&#8230;)<\/p>\n<h4>Productos<\/h4>\n<p><strong>Medias canales y despiece Mayor y Menor<\/strong><\/p>\n<p>Angus, Hereford, Wagyu, ternera del Pirineo.<\/p>\n<p>Cadera, contra redondo, tapa, lomo, solomillo, costillar, aleta, espaldilla, pez, aguja.<\/p>\n<h4>Presentaci\u00f3n<\/h4>\n<p>Fresco, congelado, fileteado, envasado al vac\u00edo, envasado en atmosfera modificada o seg\u00fan especificaciones del cliente.<\/p>\n<p>[\/et_pb_blurb][\/et_pb_column][et_pb_column type=&#8221;1_2&#8243; _builder_version=&#8221;4.16&#8243; global_colors_info=&#8221;{}&#8221;][et_pb_blurb title=&#8221;Carne de vaca&#8221; image=&#8221;https:\/\/www.carnsmila.com\/wp-content\/uploads\/2019\/11\/picto-vedella.png&#8221; module_id=&#8221;vedella-product&#8221; _builder_version=&#8221;4.16&#8243; header_level=&#8221;h2&#8243; header_font=&#8221;|300|||||||&#8221; global_colors_info=&#8221;{}&#8221;]<\/p>\n<p>Amplia selecci\u00f3n de distintas razas y procedencias. Con varios grados de maduraci\u00f3n e infiltraci\u00f3n. Disponemos de una amplia selecci\u00f3n de cortes, embutidos y elaborados de vaca madurada y vaca <em>premium<\/em>.<\/p>\n<h4>Productos<\/h4>\n<p>Lomo, chuletones, entrecots, bistec, filetes&#8230;<\/p>\n<h4>Presentaci\u00f3n<\/h4>\n<p>Fresco, congelado, fileteado, envasado al vac\u00edo, envasado en atmosfera modificada o seg\u00fan especificaciones del cliente.<\/p>\n<p>[\/et_pb_blurb][\/et_pb_column][\/et_pb_row][et_pb_row column_structure=&#8221;1_2,1_2&#8243; use_custom_gutter=&#8221;on&#8221; make_equal=&#8221;on&#8221; _builder_version=&#8221;4.16&#8243; global_colors_info=&#8221;{}&#8221;][et_pb_column type=&#8221;1_2&#8243; _builder_version=&#8221;4.16&#8243; global_colors_info=&#8221;{}&#8221;][et_pb_blurb title=&#8221;Carne de cerdo&#8221; image=&#8221;https:\/\/www.carnsmila.com\/wp-content\/uploads\/2019\/11\/picto-porc.png&#8221; module_id=&#8221;porc-product&#8221; _builder_version=&#8221;4.16&#8243; header_level=&#8221;h2&#8243; header_font=&#8221;|300|||||||&#8221; global_colors_info=&#8221;{}&#8221;]<\/p>\n<p>Selecci\u00f3n de despiece de cerdo con denominaci\u00f3n y cerdo ib\u00e9rico.<\/p>\n<h4>Productos<\/h4>\n<p>Chuletero, solomillo, lomo, paletilla, panceta, costilla, jam\u00f3n, papada, careta&#8230;<\/p>\n<h4>Presentaci\u00f3n<\/h4>\n<p>Fresco, congelado, fileteado, envasado al vac\u00edo, en atmosfera modificada o seg\u00fan especificaciones del cliente.<\/p>\n<p>[\/et_pb_blurb][\/et_pb_column][et_pb_column type=&#8221;1_2&#8243; _builder_version=&#8221;4.16&#8243; global_colors_info=&#8221;{}&#8221;][et_pb_blurb title=&#8221;Carne de cordero y cabrito&#8221; image=&#8221;https:\/\/www.carnsmila.com\/wp-content\/uploads\/2019\/11\/picto-xai.png&#8221; module_id=&#8221;xai-i-cabrit-product&#8221; _builder_version=&#8221;4.16&#8243; header_level=&#8221;h2&#8243; header_font=&#8221;|300|||||||&#8221; global_colors_info=&#8221;{}&#8221;]<\/p>\n<p>Selecci\u00f3n de canales de cordero con dos categor\u00edas de venta seg\u00fan el peso. Cabritos con peso inferior a 4,5 kg.<\/p>\n<h4>Productos<\/h4>\n<p>Canal, media canal, pierna, costilla, paletilla&#8230;<\/p>\n<h4>Presentaci\u00f3n<\/h4>\n<p>Enteros, partidos, cortados, congelados, envasado al vac\u00edo o seg\u00fan especificaciones del cliente.<\/p>\n<p>[\/et_pb_blurb][\/et_pb_column][\/et_pb_row][et_pb_row column_structure=&#8221;1_2,1_2&#8243; use_custom_gutter=&#8221;on&#8221; make_equal=&#8221;on&#8221; _builder_version=&#8221;4.16&#8243; global_colors_info=&#8221;{}&#8221;][et_pb_column type=&#8221;1_2&#8243; _builder_version=&#8221;4.16&#8243; global_colors_info=&#8221;{}&#8221;][et_pb_blurb title=&#8221;Carne de pollo&#8221; image=&#8221;https:\/\/www.carnsmila.com\/wp-content\/uploads\/2019\/11\/picto-pollastre.png&#8221; module_id=&#8221;pollastre-product&#8221; _builder_version=&#8221;4.16&#8243; header_level=&#8221;h2&#8243; header_font=&#8221;|300|||||||&#8221; global_colors_info=&#8221;{}&#8221;]<\/p>\n<p>Selecci\u00f3n de pollo catal\u00e1n amarillo y blanco. Entero con pesos de 1.5 a 2.5kg Eviscerado pesos de 0.800 a 1.6kg.<\/p>\n<h4>Productos<\/h4>\n<p>Tambi\u00e9n disposnemos de pollos de corral, certificado, ecol\u00f3gico, de pay\u00e9s y noble de hasta a 3.8kg. Pollo para carnicer\u00eda, restauraci\u00f3n o rostiser\u00edas, Despiece, cuartos, muslos, ales, pechuga.<\/p>\n<h4>Presentaci\u00f3n<\/h4>\n<p>El pollo para rostiser\u00eda se presenta en formato pata atada o suelta y completamente repasado y limpio. Granel o en bandeja termosellada.<\/p>\n<p>[\/et_pb_blurb][\/et_pb_column][et_pb_column type=&#8221;1_2&#8243; _builder_version=&#8221;4.16&#8243; global_colors_info=&#8221;{}&#8221;][et_pb_blurb title=&#8221;Carne de conejo&#8221; image=&#8221;https:\/\/www.carnsmila.com\/wp-content\/uploads\/2019\/11\/picto-conill.png&#8221; module_id=&#8221;conill-product&#8221; _builder_version=&#8221;4.16&#8243; header_level=&#8221;h2&#8243; header_font=&#8221;|300|||||||&#8221; global_colors_info=&#8221;{}&#8221;]<\/p>\n<p>Conejo procedencia Teruel y Tarragona. De 800 a 1.4kg<\/p>\n<h4>Productos<\/h4>\n<p>Entero o despiece seg\u00fan indicaci\u00f3n del client. Granel o bandeja termosellada.<\/p>\n<p>[\/et_pb_blurb][\/et_pb_column][\/et_pb_row][et_pb_row column_structure=&#8221;1_2,1_2&#8243; use_custom_gutter=&#8221;on&#8221; make_equal=&#8221;on&#8221; _builder_version=&#8221;4.16&#8243; global_colors_info=&#8221;{}&#8221;][et_pb_column type=&#8221;1_2&#8243; _builder_version=&#8221;4.16&#8243; global_colors_info=&#8221;{}&#8221;][et_pb_blurb title=&#8221;Ternera argentina&#8221; image=&#8221;https:\/\/www.carnsmila.com\/wp-content\/uploads\/2020\/01\/picto-importacio.png&#8221; _builder_version=&#8221;4.20.4&#8243; header_level=&#8221;h2&#8243; header_font=&#8221;|300|||||||&#8221; hover_enabled=&#8221;0&#8243; global_colors_info=&#8221;{}&#8221; sticky_enabled=&#8221;0&#8243;]<\/p>\n<p>La mejor carne de importaci\u00f3n argentina con sello de calidad<\/p>\n<h4><span>Productos<\/span><\/h4>\n<p>Ofrecemos una amplia gama de cortes tradicionales argentinos, as\u00ed como cortes de estilo europeo, de terneras Angus argentinas de la mejor calidad. Ofrecemos cortes como: tira de asado, entra\u00f1a, lomo bajo y colita de cuadril.<\/em><\/p>\n<p>[\/et_pb_blurb][et_pb_button button_url=&#8221;https:\/\/www.carnsmila.com\/landing-ternera-argentina\/&#8221; button_text=&#8221;M\u00e1s informaci\u00f3n&#8221; _builder_version=&#8221;4.20.4&#8243; _module_preset=&#8221;default&#8221; background_layout=&#8221;light&#8221; global_colors_info=&#8221;{}&#8221;][\/et_pb_button][\/et_pb_column][et_pb_column type=&#8221;1_2&#8243; _builder_version=&#8221;4.16&#8243; global_colors_info=&#8221;{}&#8221;][et_pb_blurb title=&#8221;Carnes de importaci\u00f3n&#8221; image=&#8221;https:\/\/www.carnsmila.com\/wp-content\/uploads\/2020\/01\/picto-importacio.png&#8221; module_id=&#8221;importacio-product&#8221; _builder_version=&#8221;4.16&#8243; header_level=&#8221;h2&#8243; header_font=&#8221;|300|||||||&#8221; global_colors_info=&#8221;{}&#8221;]<\/p>\n<p>Selecci\u00f3n de las mejores carnes de origen exterior.<\/p>\n<h4>Productos<\/h4>\n<p>Ternera blanca de Holanda, ternera rosada de Holanda, buey raza Angus de Irlanda, buey raza Angus Premium Black de EEUU, buey de raza Wagyu \u201ckobe\u201d y otras carnes.<\/p>\n<p>[\/et_pb_blurb][\/et_pb_column][\/et_pb_row][et_pb_row column_structure=&#8221;1_2,1_2&#8243; use_custom_gutter=&#8221;on&#8221; make_equal=&#8221;on&#8221; _builder_version=&#8221;4.16&#8243; global_colors_info=&#8221;{}&#8221;][et_pb_column type=&#8221;1_2&#8243; _builder_version=&#8221;4.16&#8243; global_colors_info=&#8221;{}&#8221;][et_pb_blurb title=&#8221;Elaborados frescos&#8221; image=&#8221;https:\/\/www.carnsmila.com\/wp-content\/uploads\/2020\/01\/picto-elaborats.png&#8221; module_id=&#8221;frescos-product&#8221; _builder_version=&#8221;4.16&#8243; header_level=&#8221;h2&#8243; header_font=&#8221;|300|||||||&#8221; global_colors_info=&#8221;{}&#8221;]<\/p>\n<p>Selecci\u00f3n de materia prima propia de 1a calidad para la producci\u00f3n de elaborados frescos (carne de ternera, carne de cerdo con denominaci\u00f3n y carne de cerdo ib\u00e9rico).<\/p>\n<h4>Productos<\/h4>\n<p>Longaniza y butifarra cruda de cerdo de denominaci\u00f3n y cerdo ib\u00e9rico, hamburguesa 100% ternera, alb\u00f3ndigas, chorizo y chistorra.<\/p>\n<h4>Presentaci\u00f3<\/h4>\n<p>Envasado en atmosfera modificada y granel.<\/p>\n<p>[\/et_pb_blurb][\/et_pb_column][et_pb_column type=&#8221;1_2&#8243; _builder_version=&#8221;4.16&#8243; global_colors_info=&#8221;{}&#8221;][et_pb_blurb title=&#8221;Congelados&#8221; image=&#8221;https:\/\/www.carnsmila.com\/wp-content\/uploads\/2020\/01\/picto-congelats.png&#8221; module_id=&#8221;congelats-product&#8221; _builder_version=&#8221;4.16&#8243; header_level=&#8221;h2&#8243; header_font=&#8221;|300|||||||&#8221; global_colors_info=&#8221;{}&#8221;]<\/p>\n<p>Amplia gama de productos fileteados o cortados, destinados al sector de la hosteler\u00eda.<\/p>\n<h4>Productos<\/h4>\n<p>Ternera (entrecot sin hueso, churrasco, bistec 1a, solomillo, otros. Cerdo (lomo, chuletas, solomillo, costilla, pies, cabeza de lomo, otros). Cordero y cabrito (costillas, paletillas, piernas, otros). Todos los productos congelados han sufrido una congelaci\u00f3n \u00f3ptima mediante un t\u00fanel de congelaci\u00f3n de -40\u00baC y posterior conservaci\u00f3n a -20\u00baC.<\/p>\n<p>[\/et_pb_blurb][\/et_pb_column][\/et_pb_row][et_pb_row column_structure=&#8221;1_2,1_2&#8243; use_custom_gutter=&#8221;on&#8221; make_equal=&#8221;on&#8221; _builder_version=&#8221;4.20.4&#8243; global_colors_info=&#8221;{}&#8221;][et_pb_column type=&#8221;1_2&#8243; _builder_version=&#8221;4.16&#8243; global_colors_info=&#8221;{}&#8221;][et_pb_blurb title=&#8221;Embutidos&#8221; image=&#8221;https:\/\/www.carnsmila.com\/wp-content\/uploads\/2020\/02\/Picto-embotits.png&#8221; module_id=&#8221;embotits&#8221; _builder_version=&#8221;4.16&#8243; header_level=&#8221;h2&#8243; header_font=&#8221;|300|||||||&#8221; global_colors_info=&#8221;{}&#8221;]<\/p>\n<p>Tabla tradicional de embutidos de la mejor calidad.<\/p>\n<p><span style=\"color: #333333; font-size: 30px; font-style: italic;\">Productos<\/span><\/p>\n<p>Fuet, longaniza, panceta curada, bisbe blanco y negro, butifarra, jam\u00f3n cocido, lomo embuchado, sequeta, chorizo, bacon, mortadela&#8230;<\/p>\n<p>[\/et_pb_blurb][et_pb_button button_url=&#8221;@ET-DC@eyJkeW5hbWljIjp0cnVlLCJjb250ZW50IjoicG9zdF9saW5rX3VybF9wYWdlIiwic2V0dGluZ3MiOnsicG9zdF9pZCI6IjQ5NjkifX0=@&#8221; button_text=&#8221;M\u00e1s informaci\u00f3n&#8221; button_alignment=&#8221;center&#8221; _builder_version=&#8221;4.16&#8243; _dynamic_attributes=&#8221;button_url&#8221; background_layout=&#8221;light&#8221; global_colors_info=&#8221;{}&#8221;][\/et_pb_button][\/et_pb_column][et_pb_column type=&#8221;1_2&#8243; _builder_version=&#8221;4.16&#8243; global_colors_info=&#8221;{}&#8221;][et_pb_blurb title=&#8221;Pagani Chef&#8221; image=&#8221;https:\/\/www.carnsmila.com\/wp-content\/uploads\/2020\/01\/picto-pagani.png&#8221; module_id=&#8221;pagani-product&#8221; _builder_version=&#8221;4.20.4&#8243; header_level=&#8221;h2&#8243; header_font=&#8221;|300|||||||&#8221; global_colors_info=&#8221;{}&#8221;]<\/p>\n<p>La l\u00ednea de aditivos naturales libres de qu\u00edmicos<\/p>\n<h4>Productos<\/h4>\n<p>Gama de marinadas Gustos\u00ec, Conservantes y aromas, condimentos y pan rallado y rebozados. Con Pagani Chef ofrecemos una gama para enriquecer con gusto y embellecer las preparaciones gastronomicas, con un excelente resultado que har\u00e1 las delicias de los ojos y de la boca. Adem\u00e1s, cada producto presenta una amplia propuesta de recetas testadas pensadas para todo tipo de ocasiones.<\/p>\n<p>[\/et_pb_blurb][\/et_pb_column][\/et_pb_row][et_pb_row column_structure=&#8221;1_2,1_2&#8243; use_custom_gutter=&#8221;on&#8221; make_equal=&#8221;on&#8221; _builder_version=&#8221;4.16&#8243; global_colors_info=&#8221;{}&#8221;][et_pb_column type=&#8221;1_2&#8243; _builder_version=&#8221;4.16&#8243; global_colors_info=&#8221;{}&#8221;][et_pb_blurb title=&#8221;Pescado&#8221; image=&#8221;https:\/\/www.carnsmila.com\/wp-content\/uploads\/2020\/01\/picto-salmo.png&#8221; module_id=&#8221;peix-product&#8221; _builder_version=&#8221;4.16&#8243; header_level=&#8221;h2&#8243; header_font=&#8221;|300|||||||&#8221; global_colors_info=&#8221;{}&#8221;]<\/p>\n<p>Selecci\u00f3n de los mejores pescados gourmet de diferentes procedencias.<\/p>\n<h4>Productos<\/h4>\n<p>Salm\u00f3n, trucha y esturi\u00f3n al estilo finland\u00e9s y salm\u00f3n ahumado al estilo cl\u00e1sico. Bacalao fresco y desalado en diferentes presentaciones y formatos.<\/p>\n<p>[\/et_pb_blurb][et_pb_button button_url=&#8221;@ET-DC@eyJkeW5hbWljIjp0cnVlLCJjb250ZW50IjoicG9zdF9saW5rX3VybF9wYWdlIiwic2V0dGluZ3MiOnsicG9zdF9pZCI6IjM4MzEifX0=@&#8221; button_text=&#8221;M\u00e1s informaci\u00f3n&#8221; button_alignment=&#8221;center&#8221; _builder_version=&#8221;4.16&#8243; _dynamic_attributes=&#8221;button_url&#8221; background_layout=&#8221;light&#8221; global_colors_info=&#8221;{}&#8221;][\/et_pb_button][\/et_pb_column][et_pb_column type=&#8221;1_2&#8243; _builder_version=&#8221;4.16&#8243; global_colors_info=&#8221;{}&#8221;][et_pb_button button_url=&#8221;@ET-DC@eyJkeW5hbWljIjp0cnVlLCJjb250ZW50IjoicG9zdF9saW5rX3VybF9wYWdlIiwic2V0dGluZ3MiOnsicG9zdF9pZCI6IjM0MzEifX0=@&#8221; button_text=&#8221;M\u00e1s informaci\u00f3n&#8221; button_alignment=&#8221;center&#8221; _builder_version=&#8221;4.16&#8243; _dynamic_attributes=&#8221;button_url&#8221; background_layout=&#8221;light&#8221; global_colors_info=&#8221;{}&#8221;][\/et_pb_button][et_pb_blurb title=&#8221;GastroGust &#8221; image=&#8221;https:\/\/www.carnsmila.com\/wp-content\/uploads\/2020\/12\/gastro-gust.png&#8221; alt=&#8221;GastroGust platos 5a gamma&#8221; module_id=&#8221;GastroGust&#8221; _builder_version=&#8221;4.16&#8243; header_level=&#8221;h2&#8243; header_font=&#8221;|300|||||||&#8221; global_colors_info=&#8221;{}&#8221;]<\/p>\n<p>Los alimentos de quinta gama son el resultado de la aplicaci\u00f3n de las nuevas tecnolog\u00edas en el mundo de la gastronom\u00eda, que hacen posible disponer de platos elaborados muy dif\u00edciles de distinguir de los cocinados por un Chef profesional.<\/p>\n<h4>Productos<\/h4>\n<p>Los productos de quinta gama son utilizados en restaurantes y hoteles como herramienta complementaria para la elaboraci\u00f3n de sus platos, ya que permiten obtener unos resultados muy buenos de forma m\u00e1s f\u00e1cil y econ\u00f3mica.<\/p>\n<p>[\/et_pb_blurb][et_pb_button button_url=&#8221;@ET-DC@eyJkeW5hbWljIjp0cnVlLCJjb250ZW50IjoicG9zdF9saW5rX3VybF9wYWdlIiwic2V0dGluZ3MiOnsicG9zdF9pZCI6IjExOTAwIn19@&#8221; button_text=&#8221;M\u00e1s informaci\u00f3n&#8221; button_alignment=&#8221;center&#8221; _builder_version=&#8221;4.16&#8243; _dynamic_attributes=&#8221;button_url&#8221; background_layout=&#8221;light&#8221; global_colors_info=&#8221;{}&#8221;][\/et_pb_button][\/et_pb_column][\/et_pb_row][\/et_pb_section][et_pb_section fb_built=&#8221;1&#8243; _builder_version=&#8221;4.16&#8243; _module_preset=&#8221;default&#8221; background_color=&#8221;#e8e8e8&#8243; global_colors_info=&#8221;{}&#8221;][et_pb_row _builder_version=&#8221;4.16&#8243; _module_preset=&#8221;default&#8221; global_colors_info=&#8221;{}&#8221;][et_pb_column type=&#8221;4_4&#8243; _builder_version=&#8221;4.16&#8243; _module_preset=&#8221;default&#8221; global_colors_info=&#8221;{}&#8221;][et_pb_text _builder_version=&#8221;4.16&#8243; _module_preset=&#8221;default&#8221; global_colors_info=&#8221;{}&#8221;]<\/p>\n<h2>Nuestros colaboradores<\/h2>\n<p>[\/et_pb_text][\/et_pb_column][\/et_pb_row][et_pb_row column_structure=&#8221;1_5,1_5,1_5,1_5,1_5&#8243; use_custom_gutter=&#8221;on&#8221; gutter_width=&#8221;2&#8243; _builder_version=&#8221;4.16&#8243; _module_preset=&#8221;default&#8221; module_alignment=&#8221;center&#8221; global_colors_info=&#8221;{}&#8221;][et_pb_column type=&#8221;1_5&#8243; _builder_version=&#8221;4.16&#8243; _module_preset=&#8221;default&#8221; global_colors_info=&#8221;{}&#8221;][et_pb_image src=&#8221;https:\/\/www.carnsmila.com\/wp-content\/uploads\/2022\/03\/abp-food-group.png&#8221; alt=&#8221;abp Food Group&#8221; title_text=&#8221;abp Food Group&#8221; url=&#8221;https:\/\/abpfoodgroup.com\/&#8221; align=&#8221;center&#8221; _builder_version=&#8221;4.16&#8243; _module_preset=&#8221;default&#8221; max_width_tablet=&#8221;50%&#8221; max_width_phone=&#8221;40%&#8221; max_width_last_edited=&#8221;on|phone&#8221; global_colors_info=&#8221;{}&#8221;][\/et_pb_image][et_pb_image src=&#8221;https:\/\/www.carnsmila.com\/wp-content\/uploads\/2022\/03\/luca.png&#8221; alt=&#8221;LUCA&#8221; title_text=&#8221;LUCA&#8221; url=&#8221;https:\/\/lucafoods.es\/&#8221; align=&#8221;center&#8221; _builder_version=&#8221;4.16&#8243; _module_preset=&#8221;default&#8221; max_width_tablet=&#8221;50%&#8221; max_width_phone=&#8221;40%&#8221; max_width_last_edited=&#8221;on|phone&#8221; global_colors_info=&#8221;{}&#8221;][\/et_pb_image][\/et_pb_column][et_pb_column type=&#8221;1_5&#8243; _builder_version=&#8221;4.16&#8243; _module_preset=&#8221;default&#8221; global_colors_info=&#8221;{}&#8221;][et_pb_image src=&#8221;https:\/\/www.carnsmila.com\/wp-content\/uploads\/2022\/03\/4oleum.png&#8221; alt=&#8221;4.oleum&#8221; title_text=&#8221;4.oleum&#8221; url=&#8221;https:\/\/www.4oleum.com\/&#8221; align=&#8221;center&#8221; _builder_version=&#8221;4.16&#8243; _module_preset=&#8221;default&#8221; max_width_tablet=&#8221;50%&#8221; max_width_phone=&#8221;40%&#8221; max_width_last_edited=&#8221;on|phone&#8221; global_colors_info=&#8221;{}&#8221;][\/et_pb_image][et_pb_image src=&#8221;https:\/\/www.carnsmila.com\/wp-content\/uploads\/2022\/03\/pagani-chef.png&#8221; alt=&#8221;Pagani Chef&#8221; title_text=&#8221;Pagani Chef&#8221; url=&#8221;https:\/\/paganichef.it\/es\/&#8221; align=&#8221;center&#8221; _builder_version=&#8221;4.16&#8243; _module_preset=&#8221;default&#8221; max_width_tablet=&#8221;50%&#8221; max_width_phone=&#8221;40%&#8221; max_width_last_edited=&#8221;on|phone&#8221; global_colors_info=&#8221;{}&#8221;][\/et_pb_image][\/et_pb_column][et_pb_column type=&#8221;1_5&#8243; _builder_version=&#8221;4.16&#8243; _module_preset=&#8221;default&#8221; global_colors_info=&#8221;{}&#8221;][et_pb_image src=&#8221;https:\/\/www.carnsmila.com\/wp-content\/uploads\/2022\/03\/carnes-rojas-de-galicia.png&#8221; alt=&#8221;Carnes rojas de galicia&#8221; title_text=&#8221;Carnes rojas de galicia&#8221; url=&#8221;https:\/\/carnesrojasdegalicia.com\/&#8221; align=&#8221;center&#8221; _builder_version=&#8221;4.16&#8243; _module_preset=&#8221;default&#8221; max_width_tablet=&#8221;50%&#8221; max_width_phone=&#8221;40%&#8221; max_width_last_edited=&#8221;on|phone&#8221; global_colors_info=&#8221;{}&#8221;][\/et_pb_image][et_pb_image src=&#8221;https:\/\/www.carnsmila.com\/wp-content\/uploads\/2022\/03\/moreno-saez.png&#8221; alt=&#8221;Moreno Saez&#8221; title_text=&#8221;Moreno Saez&#8221; url=&#8221;https:\/\/morenosaez.com\/&#8221; align=&#8221;center&#8221; _builder_version=&#8221;4.16&#8243; _module_preset=&#8221;default&#8221; max_width_tablet=&#8221;50%&#8221; max_width_phone=&#8221;40%&#8221; max_width_last_edited=&#8221;on|phone&#8221; global_colors_info=&#8221;{}&#8221;][\/et_pb_image][\/et_pb_column][et_pb_column type=&#8221;1_5&#8243; _builder_version=&#8221;4.16&#8243; _module_preset=&#8221;default&#8221; global_colors_info=&#8221;{}&#8221;][et_pb_image src=&#8221;https:\/\/www.carnsmila.com\/wp-content\/uploads\/2022\/03\/gastrogust.png&#8221; alt=&#8221;GastroGust&#8221; title_text=&#8221;GastroGust&#8221; url=&#8221;https:\/\/gastrogust.cat\/&#8221; align=&#8221;center&#8221; _builder_version=&#8221;4.16&#8243; _module_preset=&#8221;default&#8221; max_width_tablet=&#8221;50%&#8221; max_width_phone=&#8221;40%&#8221; max_width_last_edited=&#8221;on|phone&#8221; global_colors_info=&#8221;{}&#8221;][\/et_pb_image][et_pb_image src=&#8221;https:\/\/www.carnsmila.com\/wp-content\/uploads\/2022\/03\/safaja.png&#8221; alt=&#8221;Safaja&#8221; title_text=&#8221;Safaja&#8221; url=&#8221;https:\/\/safaja.com\/&#8221; align=&#8221;center&#8221; _builder_version=&#8221;4.16&#8243; _module_preset=&#8221;default&#8221; max_width_tablet=&#8221;50%&#8221; max_width_phone=&#8221;40%&#8221; max_width_last_edited=&#8221;on|phone&#8221; global_colors_info=&#8221;{}&#8221;][\/et_pb_image][\/et_pb_column][et_pb_column type=&#8221;1_5&#8243; _builder_version=&#8221;4.16&#8243; _module_preset=&#8221;default&#8221; global_colors_info=&#8221;{}&#8221;][et_pb_image src=&#8221;https:\/\/www.carnsmila.com\/wp-content\/uploads\/2022\/03\/idg-innovacion-y-desarrollo-gastronomico.png&#8221; alt=&#8221;IDG &#8211; Innovacio\u0301n y desarrollo gastrono\u0301mico&#8221; title_text=&#8221;IDG &#8211; Innovacio\u0301n y desarrollo gastrono\u0301mico&#8221; url=&#8221;https:\/\/www.idgastronomic.com\/&#8221; align=&#8221;center&#8221; _builder_version=&#8221;4.16&#8243; _module_preset=&#8221;default&#8221; max_width_tablet=&#8221;50%&#8221; max_width_phone=&#8221;40%&#8221; max_width_last_edited=&#8221;on|phone&#8221; global_colors_info=&#8221;{}&#8221;][\/et_pb_image][et_pb_image src=&#8221;https:\/\/www.carnsmila.com\/wp-content\/uploads\/2022\/03\/jarvi-soikkeli-1.png&#8221; alt=&#8221;Jarvi Soikkeli&#8221; title_text=&#8221;Jarvi Soikkeli&#8221; url=&#8221;https:\/\/jarvisoikkeli.com\/&#8221; align=&#8221;center&#8221; _builder_version=&#8221;4.16&#8243; _module_preset=&#8221;default&#8221; max_width_tablet=&#8221;70%&#8221; max_width_phone=&#8221;50%&#8221; max_width_last_edited=&#8221;on|tablet&#8221; filter_brightness=&#8221;0%&#8221; global_colors_info=&#8221;{}&#8221;][\/et_pb_image][\/et_pb_column][\/et_pb_row][\/et_pb_section]<\/p>\n","protected":false},"excerpt":{"rendered":"<p>Nuestros productosCarns Mil\u00e0 dispone de una amplia variedad de productos con diferentes presentaciones y tipos de envasado, seg\u00fan las necesidades del cliente. Todos los productos pasan por un estricto control de calidad y trazabilidad garantizando en todo momento las condiciones higi\u00e9nico- sanitarias del producto. Todas las exigencias establecidas en Carns Mil\u00e0, son requeridas a los [&hellip;]<\/p>\n","protected":false},"author":4,"featured_media":0,"parent":0,"menu_order":0,"comment_status":"closed","ping_status":"closed","template":"","meta":{"_et_pb_use_builder":"on","_et_pb_old_content":"","_et_gb_content_width":"","footnotes":""},"class_list":["post-3634","page","type-page","status-publish","hentry"],"_links":{"self":[{"href":"https:\/\/www.carnsmila.com\/es\/wp-json\/wp\/v2\/pages\/3634","targetHints":{"allow":["GET"]}}],"collection":[{"href":"https:\/\/www.carnsmila.com\/es\/wp-json\/wp\/v2\/pages"}],"about":[{"href":"https:\/\/www.carnsmila.com\/es\/wp-json\/wp\/v2\/types\/page"}],"author":[{"embeddable":true,"href":"https:\/\/www.carnsmila.com\/es\/wp-json\/wp\/v2\/users\/4"}],"replies":[{"embeddable":true,"href":"https:\/\/www.carnsmila.com\/es\/wp-json\/wp\/v2\/comments?post=3634"}],"version-history":[{"count":35,"href":"https:\/\/www.carnsmila.com\/es\/wp-json\/wp\/v2\/pages\/3634\/revisions"}],"predecessor-version":[{"id":15565,"href":"https:\/\/www.carnsmila.com\/es\/wp-json\/wp\/v2\/pages\/3634\/revisions\/15565"}],"wp:attachment":[{"href":"https:\/\/www.carnsmila.com\/es\/wp-json\/wp\/v2\/media?parent=3634"}],"curies":[{"name":"wp","href":"https:\/\/api.w.org\/{rel}","templated":true}]}}