{"id":3579,"date":"2019-12-24T10:23:09","date_gmt":"2019-12-24T08:23:09","guid":{"rendered":"https:\/\/www.carnsmila.com\/servicios\/"},"modified":"2022-12-21T16:59:38","modified_gmt":"2022-12-21T14:59:38","slug":"servicios","status":"publish","type":"page","link":"https:\/\/www.carnsmila.com\/es\/servicios\/","title":{"rendered":"Servicios"},"content":{"rendered":"<p>[et_pb_section fb_built=&#8221;1&#8243; _builder_version=&#8221;4.0.6&#8243; background_image=&#8221;https:\/\/www.carnsmila.com\/wp-content\/uploads\/2020\/01\/carns-mila-ireland-showroom-78.jpg&#8221; min_height=&#8221;564px&#8221; custom_padding=&#8221;60px|0px|494px|0px|false|false&#8221;][\/et_pb_section][et_pb_section fb_built=&#8221;1&#8243; fullwidth=&#8221;on&#8221; _builder_version=&#8221;4.0.6&#8243;][et_pb_fullwidth_header header_scroll_down=&#8221;on&#8221; scroll_down_icon=&#8221;%%1%%&#8221; _builder_version=&#8221;4.0.6&#8243; background_color=&#8221;rgba(0,0,0,0)&#8221; background_enable_image=&#8221;off&#8221; custom_padding=&#8221;0px||0px||false|false&#8221;][\/et_pb_fullwidth_header][\/et_pb_section][et_pb_section fb_built=&#8221;1&#8243; _builder_version=&#8221;4.0.6&#8243; background_color=&#8221;#fa2e38&#8243; custom_padding=&#8221;0px||0px||false|false&#8221; background_color__hover=&#8221;rgba(249,0,16,0)&#8221;][et_pb_row _builder_version=&#8221;3.25&#8243;][et_pb_column type=&#8221;4_4&#8243; _builder_version=&#8221;3.25&#8243; custom_padding=&#8221;|||&#8221; custom_padding__hover=&#8221;|||&#8221;][et_pb_text _builder_version=&#8221;4.0.6&#8243; text_font=&#8221;||||||||&#8221; text_text_color=&#8221;#FFFFFF&#8221; header_text_color=&#8221;#ffffff&#8221; header_2_text_color=&#8221;#FFFFFF&#8221; custom_margin=&#8221;||35px||false|false&#8221; custom_padding=&#8221;60px||||false|false&#8221;]<\/p>\n<h1>Nuestros servicios<\/h1>\n<p>[\/et_pb_text][et_pb_text _builder_version=&#8221;4.0.6&#8243; text_font=&#8221;||||||||&#8221; text_text_color=&#8221;#FFFFFF&#8221; header_font=&#8221;||||||||&#8221; header_2_font=&#8221;||||||||&#8221; header_2_text_color=&#8221;#FFFFFF&#8221;]Carns Mil\u00e0, ofrece un servicio a medida y una atenci\u00f3n personalizada para cada cliente, adapt\u00e1ndose a todas las necesidades de producci\u00f3n y almacenaje.<\/p>\n<p><span style=\"font-size: 16px;\">Carns Mil\u00e0, ofrece servicio a peque\u00f1as y medianas superficies de venta de carne al detalle y al sector de la hosteler\u00eda, ofreciendo un amplio abanico de posibilidades gracias a las diferentes presentaciones, formatos y tipos de envasados.<\/span>[\/et_pb_text][\/et_pb_column][\/et_pb_row][\/et_pb_section][et_pb_section fb_built=&#8221;1&#8243; fullwidth=&#8221;on&#8221; _builder_version=&#8221;4.0.6&#8243;][et_pb_fullwidth_header header_scroll_down=&#8221;on&#8221; scroll_down_icon=&#8221;%%1%%&#8221; _builder_version=&#8221;4.0.6&#8243;][\/et_pb_fullwidth_header][\/et_pb_section][et_pb_section fb_built=&#8221;1&#8243; _builder_version=&#8221;4.0.6&#8243;][et_pb_row column_structure=&#8221;1_2,1_2&#8243; make_equal=&#8221;on&#8221; _builder_version=&#8221;4.0.6&#8243;][et_pb_column type=&#8221;1_2&#8243; _builder_version=&#8221;4.0.6&#8243;][et_pb_text _builder_version=&#8221;4.0.6&#8243;]<\/p>\n<p><span style=\"font-size: 16px;\">Las actividades industriales desarrolladas por Carns Mil\u00e0 son:<\/span><\/p>\n<p>&nbsp;<\/p>\n<ul>\n<li>Sala de despiece de carne.<\/li>\n<li>Almacenaje de carne.<\/li>\n<li>Elaboraci\u00f3n de preparados de carne y carne picada.<\/li>\n<\/ul>\n<p>[\/et_pb_text][et_pb_image src=&#8221;https:\/\/www.carnsmila.com\/wp-content\/uploads\/2020\/01\/Carns-mila-serveis-transport.jpg&#8221; align=&#8221;center&#8221; _builder_version=&#8221;4.0.6&#8243;][\/et_pb_image][\/et_pb_column][et_pb_column type=&#8221;1_2&#8243; _builder_version=&#8221;4.0.6&#8243;][et_pb_image src=&#8221;https:\/\/www.carnsmila.com\/wp-content\/uploads\/2020\/01\/carns-mila-emagatzematge-de-carn-1.jpg&#8221; _builder_version=&#8221;4.0.6&#8243;][\/et_pb_image][et_pb_text _builder_version=&#8221;4.0.6&#8243;]Carns Mil\u00e0 sirve sus productos con una flota propia, formada por 16 veh\u00edculos frigor\u00edficos, garantizando en todo momento la cadena del fr\u00edo.<\/p>\n<p>Gracias a las rutas configuradas, se distribuye a cualquier punto de Catalu\u00f1a. Para otras destinaciones nacionales e internacionales, los productos se sirven mediante empresa de transporte refrigerado.[\/et_pb_text][\/et_pb_column][\/et_pb_row][\/et_pb_section]<\/p>\n","protected":false},"excerpt":{"rendered":"<p>Nuestros serviciosCarns Mil\u00e0, ofrece un servicio a medida y una atenci\u00f3n personalizada para cada cliente, adapt\u00e1ndose a todas las necesidades de producci\u00f3n y almacenaje. Carns Mil\u00e0, ofrece servicio a peque\u00f1as y medianas superficies de venta de carne al detalle y al sector de la hosteler\u00eda, ofreciendo un amplio abanico de posibilidades gracias a las diferentes [&hellip;]<\/p>\n","protected":false},"author":4,"featured_media":0,"parent":0,"menu_order":0,"comment_status":"closed","ping_status":"closed","template":"","meta":{"_et_pb_use_builder":"on","_et_pb_old_content":"","_et_gb_content_width":"","footnotes":""},"class_list":["post-3579","page","type-page","status-publish","hentry"],"_links":{"self":[{"href":"https:\/\/www.carnsmila.com\/es\/wp-json\/wp\/v2\/pages\/3579","targetHints":{"allow":["GET"]}}],"collection":[{"href":"https:\/\/www.carnsmila.com\/es\/wp-json\/wp\/v2\/pages"}],"about":[{"href":"https:\/\/www.carnsmila.com\/es\/wp-json\/wp\/v2\/types\/page"}],"author":[{"embeddable":true,"href":"https:\/\/www.carnsmila.com\/es\/wp-json\/wp\/v2\/users\/4"}],"replies":[{"embeddable":true,"href":"https:\/\/www.carnsmila.com\/es\/wp-json\/wp\/v2\/comments?post=3579"}],"version-history":[{"count":7,"href":"https:\/\/www.carnsmila.com\/es\/wp-json\/wp\/v2\/pages\/3579\/revisions"}],"predecessor-version":[{"id":15222,"href":"https:\/\/www.carnsmila.com\/es\/wp-json\/wp\/v2\/pages\/3579\/revisions\/15222"}],"wp:attachment":[{"href":"https:\/\/www.carnsmila.com\/es\/wp-json\/wp\/v2\/media?parent=3579"}],"curies":[{"name":"wp","href":"https:\/\/api.w.org\/{rel}","templated":true}]}}