{"id":2520,"date":"2017-09-27T16:32:04","date_gmt":"2017-09-27T15:32:04","guid":{"rendered":"http:\/\/www.carnsmila.com\/?page_id=813"},"modified":"2020-02-17T13:29:53","modified_gmt":"2020-02-17T12:29:53","slug":"aviso-de-cookies","status":"publish","type":"page","link":"https:\/\/www.carnsmila.com\/es\/aviso-de-cookies\/","title":{"rendered":"Aviso de Cookies"},"content":{"rendered":"<p>[et_pb_section fb_built=&#8221;1&#8243; _builder_version=&#8221;3.22&#8243;][et_pb_row _builder_version=&#8221;3.25&#8243; background_size=&#8221;initial&#8221; background_position=&#8221;top_left&#8221; background_repeat=&#8221;repeat&#8221;][et_pb_column type=&#8221;4_4&#8243; _builder_version=&#8221;3.25&#8243; custom_padding=&#8221;|||&#8221; custom_padding__hover=&#8221;|||&#8221;][et_pb_text _builder_version=&#8221;4.1&#8243; background_size=&#8221;initial&#8221; background_position=&#8221;top_left&#8221; background_repeat=&#8221;repeat&#8221; hover_enabled=&#8221;0&#8243;]<\/p>\n<h1>Aviso cookies<\/h1>\n<p>Les informamos que para un correcto funcionamiento de la web www.carnsmila.com, el sistema de navegaci\u00f3n utiliza algunos datos de navegaci\u00f3n (\u201cCookies\u201d) para poder ofrecer un servicio m\u00e1s personalizado a los usuarios de la web. Las \u201cCookies\u201d son peque\u00f1os archivos de texto que el navegador guarda cuando se navega por paginas web y aplicaciones. Se puede obtener la informaci\u00f3n de la direcci\u00f3n IP que utiliza el ordenador para conectarse a la p\u00e1gina web, la direcci\u00f3n URL de la p\u00e1gina web solicitada, la hora de la conexi\u00f3n y otros par\u00e1metros relativos al sistema operativo del entorno inform\u00e1tico del usuario. Esta informaci\u00f3n tan solo se recoge para identificar la sesi\u00f3n con el objetivo de facilitar el an\u00e1lisis de la pagina web.<\/p>\n<p>J. MIL\u00c0 SA en su web utilitza \u201ccookies\u201d de terceros; y en concreto de Google Analytics; que es un servicio de estad\u00edsticas de p\u00e1ginas web que ofrece Google, Inc. Google Analytics recoge informaci\u00f3n del equipo del usuario para obtener informes sobre la actividad de la aplicaci\u00f3n; guardando la informaci\u00f3n almacenada en servidores de los Estados Unidos.<\/p>\n<p>En todo caso, en el supuesto que se capten datos de car\u00e1cter personal- en este caso tan s\u00f3lo la Ip de acceso; les informamos que estas ser\u00e1n tratadas e incorporadas en un Fichero <span style=\"font-weight: 400;\">\u201c Redes sociales y Marketing \u201d<\/span>responsabilidad de J. MIL\u00c0 SA.<\/p>\n<p><span style=\"font-weight: 400;\">La finalidad de este fichero es la gesti\u00f3n y control de las redes sociales que se disponen as\u00ed como la interacci\u00f3n de los usuarios en ellas y la informaci\u00f3n de marqueting comportamental que se obtiene de los usuarios que acceden en la web.\u00a0<\/span><\/p>\n<p><span style=\"font-weight: 400;\">Estos datos no ser\u00e1n transmitidos a terceras personas y ser\u00e1n conservados siempre que sea imprescindible o leg\u00edtimo por la finalidad que se captaron. <\/span><\/p>\n<p><span style=\"font-weight: 400;\">Conforme lo dispuesto en la normativa de protecci\u00f3n de datos, si desea ejercitar los derechos de acceso, rectificaci\u00f3n o supresi\u00f3n, la limitaci\u00f3n del tratamiento o oponerse, as\u00ed\u00a0 como el derecho a la portabilidad de los datos se puede dirigir en Pol. Ind. Mol\u00ed d\u2019en Serra C\/ Tarragon\u00e8s n\u00ba 25 , 43710 Santa Oliva (Tarragona ) o bien, enviar un correo electr\u00f3nico a <\/span><a href=\"mailto:info@carnsmila.com\"><span style=\"font-weight: 400;\">info@carnsmila.com<\/span><\/a><span style=\"font-weight: 400;\"> .\u00a0<\/span><\/p>\n<p><span style=\"font-weight: 400;\">Asimismo podr\u00e1 presentar una reclamaci\u00f3n ante la Agencia Espa\u00f1ola de Protecci\u00f3n de Datos.<\/span><\/p>\n<p>Se informa al usuario que Google podr\u00e1 transmitir esta informaci\u00f3n a terceros cuando as\u00ed lo requiera la ley, o cuando estos terceros procesen la informaci\u00f3n por cuenta de Google. Google no asociar\u00e1 la direcci\u00f3n de IP del usuario con otro dato de que dispongan, y por lo tanto lo har\u00e1n totalmente de forma anonimizada.<\/p>\n<p>Para rehusar o eliminar esta \u201ccookie\u201d se puede consultar la siguiente direcci\u00f3n: <a href=\"https:\/\/www.google.com\/intl\/ca\/policies\/privacy\/\" target=\"_blank\" rel=\"noopener\">https:\/\/www.google.com\/intl\/ca\/policies\/privacy\/<\/a> y <a href=\"https:\/\/www.google.com\/intl\/en\/privacypolicy.html\" target=\"_blank\" rel=\"noopener\">https:\/\/www.google.com\/intl\/en\/privacypolicy.html<\/a><\/p>\n<h2>DESACTIVACI\u00d3N Y BLOQUEO DE LAS COOKIES<\/h2>\n<p>En cualquier caso, el usuario puede habilitar la opci\u00f3n de su propio sistema de navegaci\u00f3n para no permitir la instalaci\u00f3n de cookies; sin que en ning\u00fan caso J. MIL\u00c0 SA pueda ser responsable de que la inhabilitaci\u00f3n de Cookies comporte que algunos de los servicios que ofrece esta web no funcione correctamente.<\/p>\n<p>En los siguientes enlaces, podr\u00e1 encontrar instrucciones que le ayudar\u00e1n a configurar los ajustes de los principales navegadores m\u00e1s utilizados.<\/p>\n<ul>\n<li>Internet Explorer: <a href=\"https:\/\/support.microsoft.com\/es-es\/help\/17442\/windows-internet-explorer-delete-manage-cookies\" target=\"_blank\" rel=\"noopener\">https:\/\/support.microsoft.com\/es-es\/help\/17442\/windows-internet-explorer-delete-manage-cookies<\/a><\/li>\n<li>Google Chrome: <a href=\"https:\/\/support.google.com\/chrome\/answer\/95647?hl=es\" target=\"_blank\" rel=\"noopener\">https:\/\/support.google.com\/chrome\/answer\/95647?hl=es<\/a><\/li>\n<li>Mozilla Firefox: <a href=\"https:\/\/support.mozilla.org\/t5\/Cookies-y-cach%C3%A9\/Habilitar-y-deshabilitar-cookies-que-los-sitios-web-utilizan\/ta-p\/13811\" target=\"_blank\" rel=\"noopener\">https:\/\/support.mozilla.org\/t5\/Cookies-y-cach%C3%A9\/Habilitar-y-deshabilitar-cookies-que-los-sitios-web-utilizan\/ta-p\/13811<\/a><\/li>\n<li>Safari: <a href=\"https:\/\/support.apple.com\/kb\/ph21411?locale=es_ES\" target=\"_blank\" rel=\"noopener\">https:\/\/support.apple.com\/kb\/ph21411?locale=es_ES<\/a><\/li>\n<li>Safari para IOS (Iphone, IPad): <a href=\"https:\/\/support.apple.com\/kb\/ht1677?viewlocale=es_es&amp;locale=es_es\" target=\"_blank\" rel=\"noopener\">https:\/\/support.apple.com\/kb\/ht1677?viewlocale=es_es&amp;locale=es_es<\/a><\/li>\n<li>Chrome para Android: <a href=\"https:\/\/support.google.com\/chrome\/answer\/2392971?hl=es\" target=\"_blank\" rel=\"noopener\">https:\/\/support.google.com\/chrome\/answer\/2392971?hl=es<\/a><\/li>\n<\/ul>\n<p>Si desea m\u00e1s informaci\u00f3n sobre las cookies y su manera de deshabilitarlas seg\u00fan su sistema de navegaci\u00f3n puede consultar los siguientes links: <a href=\"https:\/\/www.aboutcookies.org\" target=\"_blank\" rel=\"noopener\">https:\/\/www.aboutcookies.org<\/a> y <a href=\"https:\/\/www.aboutcookies.org\/Default.aspx?page=1\" target=\"_blank\" rel=\"noopener\">https:\/\/www.aboutcookies.org\/Default.aspx?page=1<\/a><\/p>\n<p>En caso contrario, y habiendo informado J. MIL\u00c0 SA del uso de cookies, y sin que estas hayan sido inhabilitadas implica que el usuario da su consentimiento al tratamiento de datos por Google en la forma prevista en este aviso y para las finalidades aqu\u00ed descritas.<\/p>\n<p>En caso de duda o de cualquier comentario, se puede dirigir a J. MIL\u00c0 SA a trav\u00e9s de sus medios de atenci\u00f3n al p\u00fablico o bien comunicarse con nosotros a trav\u00e9s de: info@carnsmila.com[\/et_pb_text][\/et_pb_column][\/et_pb_row][\/et_pb_section]<\/p>\n","protected":false},"excerpt":{"rendered":"<p>Aviso cookies Les informamos que para un correcto funcionamiento de la web www.carnsmila.com, el sistema de navegaci\u00f3n utiliza algunos datos de navegaci\u00f3n (\u201cCookies\u201d) para poder ofrecer un servicio m\u00e1s personalizado a los usuarios de la web. Las \u201cCookies\u201d son peque\u00f1os archivos de texto que el navegador guarda cuando se navega por paginas web y aplicaciones. [&hellip;]<\/p>\n","protected":false},"author":1,"featured_media":0,"parent":0,"menu_order":0,"comment_status":"closed","ping_status":"closed","template":"","meta":{"_et_pb_use_builder":"on","_et_pb_old_content":"<h1>Aviso cookies<\/h1>\r\nLes informamos que para un correcto funcionamiento de la web www.carnsmila.com, el sistema de navegaci\u00f3n utiliza algunos datos de navegaci\u00f3n (\u201cCookies\u201d) para poder ofrecer un servicio m\u00e1s personalizado a los usuarios de la web. Las \u201cCookies\u201d son peque\u00f1os archivos de texto que el navegador guarda cuando se navega por paginas web y aplicaciones. Se puede obtener la informaci\u00f3n de la direcci\u00f3n IP que utiliza el ordenador para conectarse a la p\u00e1gina web, la direcci\u00f3n URL de la p\u00e1gina web solicitada, la hora de la conexi\u00f3n y otros par\u00e1metros relativos al sistema operativo del entorno inform\u00e1tico del usuario. Esta informaci\u00f3n tan solo se recoge para identificar la sesi\u00f3n con el objetivo de facilitar el an\u00e1lisis de la pagina web.\r\n\r\nJ. MIL\u00c0 SA en su web utilitza \u201ccookies\u201d de terceros; y en concreto de Google Analytics; que es un servicio de estad\u00edsticas de p\u00e1ginas web que ofrece Google, Inc. Google Analytics recoge informaci\u00f3n del equipo del usuario para obtener informes sobre la actividad de la aplicaci\u00f3n; guardando la informaci\u00f3n almacenada en servidores de los Estados Unidos.\r\n\r\nEn todo caso, en el supuesto que se capten datos de car\u00e1cter personal- en este caso tan s\u00f3lo la Ip de acceso; les informamos que estas ser\u00e1n tratadas e incorporadas en un Fichero \u201c Redes sociales y Marketing \u201dresponsabilidad de J. MIL\u00c0 SA. \r\n\r\nLa finalidad de este fichero es la gesti\u00f3n y control de las redes sociales que se disponen as\u00ed como la interacci\u00f3n de los usuarios en ellas y la informaci\u00f3n de marqueting comportamental que se obtiene de los usuarios que acceden en la web. \r\nEstos datos no ser\u00e1n transmitidos a terceras personas y ser\u00e1n conservados siempre que sea imprescindible o leg\u00edtimo por la finalidad que se captaron.\r\n\r\nConforme lo dispuesto en los art\u00edculos 15 y 16 de la Ley Org\u00e1nica 15\/1999, de 13 de diciembre, de Protecci\u00f3n de Datos de Car\u00e1cter Personal, le informamos que puede ejercitar los derechos de acceso, rectificaci\u00f3n, cancelaci\u00f3n y oposici\u00f3n en : Pol. Ind. Mol\u00ed d\u2019en Serra C\/ Tarragon\u00e8s n\u00ba 25 , 43710 Santa Oliva (Tarragona )\r\n\r\nSe informa al usuario que Google podr\u00e1 transmitir esta informaci\u00f3n a terceros cuando as\u00ed lo requiera la ley, o cuando estos terceros procesen la informaci\u00f3n por cuenta de Google. Google no asociar\u00e1 la direcci\u00f3n de IP del usuario con otro dato de que dispongan, y por lo tanto lo har\u00e1n totalmente de forma anonimizada.\r\n\r\nPara rehusar o eliminar esta \u201ccookie\u201d se puede consultar la siguiente direcci\u00f3n: <a href=\"https:\/\/www.google.com\/intl\/ca\/policies\/privacy\/\">https:\/\/www.google.com\/intl\/ca\/policies\/privacy\/<\/a> y <a href=\"https:\/\/www.google.com\/intl\/en\/privacypolicy.html\">https:\/\/www.google.com\/intl\/en\/privacypolicy.html<\/a>\r\n<h2>DESACTIVACI\u00d3N Y BLOQUEO DE LAS COOKIES<\/h2>\r\nEn cualquier caso, el usuario puede habilitar la opci\u00f3n de su propio sistema de navegaci\u00f3n para no permitir la instalaci\u00f3n de cookies; sin que en ning\u00fan caso J. MIL\u00c0 SA pueda ser responsable de que la inhabilitaci\u00f3n de Cookies comporte que algunos de los servicios que ofrece esta web no funcione correctamente.\r\n\r\nEn los siguientes enlaces, podr\u00e1 encontrar instrucciones que le ayudar\u00e1n a configurar los ajustes de los principales navegadores m\u00e1s utilizados.\r\n<ul>\r\n \t<li>Internet Explorer: <a href=\"https:\/\/support.microsoft.com\/es-es\/help\/17442\/windows-internet-explorer-delete-manage-cookies\">https:\/\/support.microsoft.com\/es-es\/help\/17442\/windows-internet-explorer-delete-manage-cookies<\/a><\/li>\r\n \t<li>Google Chrome: <a href=\"https:\/\/support.google.com\/chrome\/answer\/95647?hl=es\">https:\/\/support.google.com\/chrome\/answer\/95647?hl=es<\/a><\/li>\r\n \t<li>Mozilla Firefox: <a href=\"https:\/\/support.mozilla.org\/t5\/Cookies-y-cach%C3%A9\/Habilitar-y-deshabilitar-cookies-que-los-sitios-web-utilizan\/ta-p\/13811\">https:\/\/support.mozilla.org\/t5\/Cookies-y-cach%C3%A9\/Habilitar-y-deshabilitar-cookies-que-los-sitios-web-utilizan\/ta-p\/13811<\/a><\/li>\r\n \t<li>Safari: <a href=\"https:\/\/support.apple.com\/kb\/ph21411?locale=es_ES\">https:\/\/support.apple.com\/kb\/ph21411?locale=es_ES<\/a><\/li>\r\n \t<li>Safari para IOS (Iphone, IPad): <a href=\"https:\/\/support.apple.com\/kb\/ht1677?viewlocale=es_es&locale=es_es\">https:\/\/support.apple.com\/kb\/ht1677?viewlocale=es_es&locale=es_es<\/a><\/li>\r\n \t<li>Chrome para Android: <a href=\"https:\/\/support.google.com\/chrome\/answer\/2392971?hl=es\">https:\/\/support.google.com\/chrome\/answer\/2392971?hl=es<\/a><\/li>\r\n<\/ul>\r\nSi desea m\u00e1s informaci\u00f3n sobre las cookies y su manera de deshabilitarlas seg\u00fan su sistema de navegaci\u00f3n puede consultar los siguientes links: <a href=\"https:\/\/www.aboutcookies.org\">https:\/\/www.aboutcookies.org<\/a> y <a href=\"https:\/\/www.aboutcookies.org\/Default.aspx?page=1\">https:\/\/www.aboutcookies.org\/Default.aspx?page=1<\/a>\r\n\r\nEn caso contrario, y habiendo informado J. MIL\u00c0 SA del uso de cookies, y sin que estas hayan sido inhabilitadas implica que el usuario da su consentimiento al tratamiento de datos por Google en la forma prevista en este aviso y para las finalidades aqu\u00ed descritas.\r\n\r\nEn caso de duda o de cualquier comentario, se puede dirigir a J. MIL\u00c0 SA a trav\u00e9s de sus medios de atenci\u00f3n al p\u00fablico o bien comunicarse con nosotros a trav\u00e9s de: xxxxxx@xxxxxx.com","_et_gb_content_width":"","footnotes":""},"class_list":["post-2520","page","type-page","status-publish","hentry"],"_links":{"self":[{"href":"https:\/\/www.carnsmila.com\/es\/wp-json\/wp\/v2\/pages\/2520","targetHints":{"allow":["GET"]}}],"collection":[{"href":"https:\/\/www.carnsmila.com\/es\/wp-json\/wp\/v2\/pages"}],"about":[{"href":"https:\/\/www.carnsmila.com\/es\/wp-json\/wp\/v2\/types\/page"}],"author":[{"embeddable":true,"href":"https:\/\/www.carnsmila.com\/es\/wp-json\/wp\/v2\/users\/1"}],"replies":[{"embeddable":true,"href":"https:\/\/www.carnsmila.com\/es\/wp-json\/wp\/v2\/comments?post=2520"}],"version-history":[{"count":7,"href":"https:\/\/www.carnsmila.com\/es\/wp-json\/wp\/v2\/pages\/2520\/revisions"}],"predecessor-version":[{"id":4889,"href":"https:\/\/www.carnsmila.com\/es\/wp-json\/wp\/v2\/pages\/2520\/revisions\/4889"}],"wp:attachment":[{"href":"https:\/\/www.carnsmila.com\/es\/wp-json\/wp\/v2\/media?parent=2520"}],"curies":[{"name":"wp","href":"https:\/\/api.w.org\/{rel}","templated":true}]}}