{"id":2519,"date":"2017-09-27T16:18:04","date_gmt":"2017-09-27T15:18:04","guid":{"rendered":"http:\/\/www.carnsmila.com\/?page_id=803"},"modified":"2020-02-17T15:21:13","modified_gmt":"2020-02-17T14:21:13","slug":"aviso-legal-y-politica-de-privacidad","status":"publish","type":"page","link":"https:\/\/www.carnsmila.com\/es\/aviso-legal-y-politica-de-privacidad\/","title":{"rendered":"Aviso legal y pol\u00edtica de privacidad"},"content":{"rendered":"<p>[et_pb_section fb_built=&#8221;1&#8243; _builder_version=&#8221;3.22&#8243;][et_pb_row _builder_version=&#8221;3.25&#8243; background_size=&#8221;initial&#8221; background_position=&#8221;top_left&#8221; background_repeat=&#8221;repeat&#8221;][et_pb_column type=&#8221;4_4&#8243; _builder_version=&#8221;3.25&#8243; custom_padding=&#8221;|||&#8221; custom_padding__hover=&#8221;|||&#8221;][et_pb_text _builder_version=&#8221;4.1&#8243; background_size=&#8221;initial&#8221; background_position=&#8221;top_left&#8221; background_repeat=&#8221;repeat&#8221; hover_enabled=&#8221;0&#8243;]<\/p>\n<h1>AVISO LEGAL Y POL\u00cdTICA DE PRIVACIDAD<\/h1>\n<p>De acuerdo con las obligaciones previstas en la Ley 34\/2002, de servicios de la Sociedad de la Informaci\u00f3n y del comercio electr\u00f3nico (en adelante LSSIYCE), J. MIL\u00c0 SA manifiesta que el dominio www.carnsmila.com es propiedad de J. MIL\u00c0 SA , con CIF A43094929, y domicilio en Pol. Ind. Mol\u00ed d\u2019en Serra C\/ Tarragon\u00e8s n\u00ba 25 , 43710 Santa Oliva (Tarragona ).<\/p>\n<p>Que J. MIL\u00c0 SA consta inscrita en el Registro Mercantil de Tarragona, en el T 449, folio 110, hoja n\u00famero 6636.<\/p>\n<p>J. MIL\u00c0 SA no puede asumir ninguna responsabilidad derivada del uso incorrecto, inapropiado o il\u00edcito de la informaci\u00f3n aparecida en sus p\u00e1ginas.<\/p>\n<p>Con los l\u00edmites establecidos en la ley, J. MIL\u00c0 SA no asume ninguna responsabilidad derivada de la falta de veracidad, integridad, actualizaci\u00f3n y precisi\u00f3n de los datos o informaciones que se contienen en sus p\u00e1ginas de Internet. Los contenidos e informaci\u00f3n de las p\u00e1ginas de Internet de J. MIL\u00c0 SA est\u00e1n elaborados por profesionales debidamente cualificados para el ejercicio de su profesi\u00f3n. Sin embargo, los contenidos e informaci\u00f3n no vinculan a la susodicha, ni constituyen opiniones, consejos o asesoramiento legal de ning\u00fan tipo, pues se trata meramente de un servicio ofrecido con car\u00e1cter informativo y divulgativo.<br \/>\nLas p\u00e1ginas de Internet de J. MIL\u00c0 SA pueden contener enlaces (links) a otras p\u00e1ginas de terceras. Por lo tanto, \u00e9sta no puede asumir responsabilidades por el contenido que pueda aparecer en p\u00e1ginas de terceros. Los textos, im\u00e1genes, sonidos, animaciones, software y el resto de contenidos incluidos en este website son propiedad exclusiva de J. MIL\u00c0 SA o sus licenciantes. Cualquier acto de transmisi\u00f3n, distribuci\u00f3n, cesi\u00f3n, reproducci\u00f3n, almacenamiento o comunicaci\u00f3n p\u00fablica total o parcial, debe contar con el consentimiento expreso de J. MIL\u00c0 SA .<\/p>\n<h2>PROTECCI\u00d3N DE DATOS PERSONALES<\/h2>\n<p>En virtud de la normativa de Protecci\u00f3n de Datos de car\u00e1cter personal, por la presente autoriza a que los datos personales facilitados sean incorporados en un fichero denominado &#8220;Contactos&#8221; responsabilidad de J. MIL\u00c0 SA , CIF: A43094929 y sede social en Pol.Ind Mol\u00ed d&#8217;en Serra C\/ Tarragon\u00e8s n\u00aa 25, 43710 Santa Oliva (Tarragona).<\/p>\n<p>La finalidad de este tratamiento es la gesti\u00f3n y control del correo<br \/>\nelectr\u00f3nico as\u00ed como la agenda de contactos y atender su petici\u00f3n. Estos datos no ser\u00e1n transmitidos a terceras personas y ser\u00e1n conservados siempre que sea imprescindible o leg\u00edtimo por la finalidad que se captaron.<\/p>\n<p>En cualquier caso podr\u00e1 indicar la revocaci\u00f3n del consentimiento<br \/>\notorgado, as\u00ed como ejercitar los derechos de acceso, rectificaci\u00f3n o<br \/>\nsupresi\u00f3n, la limitaci\u00f3n del tratamiento u oponerse, as\u00ed como el<br \/>\nderecho a la portabilidad de los datos. Estas peticiones ser\u00e1 necesario<br \/>\nque se realicen en Pol. Ind. Mol\u00ed d\u2019en Serra C\/ Tarragon\u00e8s n\u00ba 25 ,<br \/>\n43710 Santa Oliva (Tarragona ) o bien enviando un correo electr\u00f3nico en: <a href=\"mailto:info@carnsmila.com\">info@carnsmila.com<\/a><\/p>\n<p>Asimismo, podr\u00e1 presentar una reclamaci\u00f3n ante la Agencia Espa\u00f1ola de Protecci\u00f3n de Datos.<\/p>\n<h2>PROPIEDAD INDUSTRIAL E INTELECTUAL<\/h2>\n<p>Esta web es propiedad de J. MIL\u00c0 SA. Los derechos de Propiedad Intelectual y derechos de explotaci\u00f3n y reproducci\u00f3n de esta web, de sus p\u00e1ginas, pantallas, la Informaci\u00f3n que contienen, su apariencia y dise\u00f1o, as\u00ed como los v\u00ednculos (\u00abhiperlinks\u00bb) que se establezcan desde ella a otras p\u00e1ginas web de cualquier sociedad filial y\/o dominada de J. MIL\u00c0 SA , son propiedad exclusiva de \u00e9sta, salvo que expresamente se especifique otra cosa.<\/p>\n<p>Cualquier denominaci\u00f3n, dise\u00f1o y\/o logotipo, as\u00ed como cualquier producto o servicio ofrecidos y reflejados en esta p\u00e1gina web, son marcas debidamente registradas por J. MIL\u00c0 SA , por sus sociedades filiales y\/o dominadas o por terceros.<\/p>\n<p>Cualquier uso indebido de las mismas por personas diferentes de su leg\u00edtimo titular y sin el consentimiento expreso e inequ\u00edvoco por parte de \u00e9ste podr\u00e1 ser denunciado y perseguido a trav\u00e9s de todos los medio legales existentes en el Ordenamiento Jur\u00eddico espa\u00f1ol y\/o comunitario.<\/p>\n<p>Los derechos de propiedad intelectual y marcas de terceros est\u00e1n destacados convenientemente y deben ser respetados por todo aqu\u00e9l que acceda a esta p\u00e1gina, no siendo responsabilidad de J. MIL\u00c0 SA el uso que EL USUARIO pueda llevar a cabo al respecto, recayendo la responsabilidad exclusiva en su persona.<\/p>\n<p>S\u00f3lo para uso personal y privado se permite descargar los contenidos, copiar o imprimir cualquier p\u00e1gina de esta web. Queda prohibido reproducir, transmitir, modificar o suprimir la informaci\u00f3n, contenido o advertencias de esta web sin la previa autorizaci\u00f3n por escrito de J. MIL\u00c0 SA .<\/p>\n<p>J. MIL\u00c0 SA no transfiere a los usuarios la propiedad de su software. El usuario es el propietario del soporte en el cual el software es grabado. J. MIL\u00c0 SA posee todos los derechos de propiedad industrial e intelectual, incluyendo el software. Si el usuario transfiere el software de este website a su terminal, no podr\u00e1 diseccionar para su estudio y descompilar, traducir la versi\u00f3n del c\u00f3digo objeto original o su lenguaje a otro c\u00f3digo o lenguaje.<\/p>\n<h2>LEY APLICABLE Y JURISDICCI\u00d3N<\/h2>\n<p>Las presentes condiciones generales se rigen por la Legislaci\u00f3n espa\u00f1ola, siendo competentes los Juzgados y Tribunales espa\u00f1oles para conocer de cuantas cuestiones se susciten sobre la interpretaci\u00f3n, aplicaci\u00f3n e cumplimiento de las mismas. EL USUARIO, por virtud de su aceptaci\u00f3n a las condiciones generales recogidas en este aviso legal, renuncia expresamente a cualquier fuero que, por aplicaci\u00f3n de la Ley de Enjuiciamiento Civil vigente pudiera corresponderle.[\/et_pb_text][\/et_pb_column][\/et_pb_row][\/et_pb_section]<\/p>\n","protected":false},"excerpt":{"rendered":"<p>AVISO LEGAL Y POL\u00cdTICA DE PRIVACIDAD De acuerdo con las obligaciones previstas en la Ley 34\/2002, de servicios de la Sociedad de la Informaci\u00f3n y del comercio electr\u00f3nico (en adelante LSSIYCE), J. MIL\u00c0 SA manifiesta que el dominio www.carnsmila.com es propiedad de J. MIL\u00c0 SA , con CIF A43094929, y domicilio en Pol. Ind. Mol\u00ed [&hellip;]<\/p>\n","protected":false},"author":1,"featured_media":0,"parent":0,"menu_order":0,"comment_status":"closed","ping_status":"closed","template":"","meta":{"_et_pb_use_builder":"on","_et_pb_old_content":" <h1>AVISO LEGAL Y POL\u00cdTICA DE PRIVACIDAD<\/h1>\r\n<p>De acuerdo con las obligaciones previstas en la Ley 34\/2002, de servicios de la Sociedad de la Informaci\u00f3n y del comercio electr\u00f3nico (en adelante LSSIYCE), J. MIL\u00c0 SA manifiesta que el dominio www.carnsmila.com es propiedad de J. MIL\u00c0 SA , con CIF A43094929, y domicilio en Pol. Ind. Mol\u00ed d\u2019en Serra C\/ Tarragon\u00e8s n\u00ba 25 , 43710 Santa Oliva (Tarragona ).<\/p>\r\n<p>Que J. MIL\u00c0 SA consta inscrita en el Registro Mercantil de Tarragona, en el tomo 449, folio 110, hoja n\u00famero 6636.<\/p>\r\n<p>J. MIL\u00c0 SA no puede asumir ninguna responsabilidad derivada del uso incorrecto, inapropiado o il\u00edcito de la informaci\u00f3n aparecida en sus p\u00e1ginas.<\/p>\r\n<p>Con los l\u00edmites establecidos en la ley, J. MIL\u00c0 SA no asume ninguna responsabilidad derivada de la falta de veracidad, integridad, actualizaci\u00f3n y precisi\u00f3n de los datos o informaciones que se contienen en sus p\u00e1ginas de Internet. Los contenidos e informaci\u00f3n de las p\u00e1ginas de Internet de J. MIL\u00c0 SA est\u00e1n elaborados por profesionales debidamente cualificados para el ejercicio de su profesi\u00f3n. Sin embargo, los contenidos e informaci\u00f3n no vinculan a la susodicha, ni constituyen opiniones, consejos o asesoramiento legal de ning\u00fan tipo, pues se trata meramente de un servicio ofrecido con car\u00e1cter informativo y divulgativo.<br \/>\r\nLas p\u00e1ginas de Internet de J. MIL\u00c0 SA pueden contener enlaces (links) a otras p\u00e1ginas de terceras. Por lo tanto, \u00e9sta no puede asumir responsabilidades por el contenido que pueda aparecer en p\u00e1ginas de terceros. Los textos, im\u00e1genes, sonidos, animaciones, software y el resto de contenidos incluidos en este website son propiedad exclusiva de J. MIL\u00c0 SA o sus licenciantes. Cualquier acto de transmisi\u00f3n, distribuci\u00f3n, cesi\u00f3n, reproducci\u00f3n, almacenamiento o comunicaci\u00f3n p\u00fablica total o parcial, debe contar con el consentimiento expreso de J. MIL\u00c0 SA .<\/p>\r\n<h2>PROTECCI\u00d3N DE DATOS PERSONALES<\/h2>\r\n<p>En virtud de la Ley 15\/1999, de 13 de diciembre, sobre la Protecci\u00f3n de Datos de car\u00e1cter personal, lo hacemos conocedor de que sus datos personales, que pueden estar en esta comunicaci\u00f3n, est\u00e1n incorporados en un fichero responsabilidad de la mercantil J. MIL\u00c0 SA , CIF: A43094929. La finalidad de este fichero es la de gestionar la relaci\u00f3n negocial e informarle de nuestros servicios. Estos datos no ser\u00e1n transmitidos a terceras personas.<\/p>\r\n<p>As\u00ed mismo, para acceder a algunos servicios que J. MIL\u00c0 SA ofrece a trav\u00e9s de este website deber\u00e1 proporcionar algunos datos de car\u00e1cter personal. En cumplimiento de lo establecido en la LO 15\/1999, de 13 de diciembre, de Protecci\u00f3n de Datos de Car\u00e1cter Personal le informamos que, mediante el cumplimiento del formulario, sus datos personales quedaran incorporados y seran tratados en los ficheros de J. MIL\u00c0 SA con la finalidad de poderle prestar y ofrecer nuestros servicios, as\u00ed como para informar de las mejoras de la Web.<\/p>\r\n<p>Si desea ejercitar sus derechos de acceso, rectificaci\u00f3n, cancelaci\u00f3n u oposici\u00f3n, puede dirigirse a: Pol. Ind. Mol\u00ed d\u2019en Serra C\/ Tarragon\u00e8s n\u00ba 25 , 43710 Santa Oliva (Tarragona ), o bien, enviar un correo electr\u00f3nico a XXX@XXXXXX.com.<\/p>\r\n<h2>PROPIEDAD INDUSTRIAL E INTELECTUAL<\/h2>\r\n<p>Esta web es propiedad de J. MIL\u00c0 SA . Los derechos de Propiedad Intelectual y derechos de explotaci\u00f3n y reproducci\u00f3n de esta web, de sus p\u00e1ginas, pantallas, la Informaci\u00f3n que contienen, su apariencia y dise\u00f1o, as\u00ed como los v\u00ednculos (\u00abhiperlinks\u00bb) que se establezcan desde ella a otras p\u00e1ginas web de cualquier sociedad filial y\/o dominada de J. MIL\u00c0 SA , son propiedad exclusiva de \u00e9sta, salvo que expresamente se especifique otra cosa.<\/p>\r\n<p>Cualquier denominaci\u00f3n, dise\u00f1o y\/o logotipo, as\u00ed como cualquier producto o servicio ofrecidos y reflejados en esta p\u00e1gina web, son marcas debidamente registradas por J. MIL\u00c0 SA , por sus sociedades filiales y\/o dominadas o por terceros.<\/p>\r\n<p>Cualquier uso indebido de las mismas por personas diferentes de su leg\u00edtimo titular y sin el consentimiento expreso e inequ\u00edvoco por parte de \u00e9ste podr\u00e1 ser denunciado y perseguido a trav\u00e9s de todos los medio legales existentes en el Ordenamiento Jur\u00eddico espa\u00f1ol y\/o comunitario.<\/p>\r\n<p>Los derechos de propiedad intelectual y marcas de terceros est\u00e1n destacados convenientemente y deben ser respetados por todo aqu\u00e9l que acceda a esta p\u00e1gina, no siendo responsabilidad de J. MIL\u00c0 SA el uso que EL USUARIO pueda llevar a cabo al respecto, recayendo la responsabilidad exclusiva en su persona.<\/p>\r\n<p>S\u00f3lo para uso personal y privado se permite descargar los contenidos, copiar o imprimir cualquier p\u00e1gina de esta web. Queda prohibido reproducir, transmitir, modificar o suprimir la informaci\u00f3n, contenido o advertencias de esta web sin la previa autorizaci\u00f3n por escrito de J. MIL\u00c0 SA .<\/p>\r\n<p>J. MIL\u00c0 SA no transfiere a los usuarios la propiedad de su software. El usuario \u00e9s el propietario del soporte en el cual el software es grabado. J. MIL\u00c0 SA posee todos los derechos de propiedad industrial e intelectual, incluyendo el software. Si el usuario transfiere el software de este website a su terminal, no podr\u00e1 diseccionar para su estudio y descompilar, traducir la versi\u00f3n del c\u00f3digo objeto original o su lenguaje a otro c\u00f3digo o lenguaje.<\/p>\r\n<h2>LEY APLICABLE Y JURISDICCI\u00d3N<\/h2>\r\n<p>Las presentes condiciones generales se rigen por la Legislaci\u00f3n espa\u00f1ola, siendo competentes los Juzgados y Tribunales espa\u00f1oles para conocer de cuantas cuestiones se susciten sobre la interpretaci\u00f3n, aplicaci\u00f3n e cumplimiento de las mismas. EL USUARIO, por virtud de su aceptaci\u00f3n a las condiciones generales recogidas en este aviso legal, renuncia expresamente a cualquier fuero que, por aplicaci\u00f3n de la Ley de Enjuiciamiento Civil vigente pudiera corresponderle.<\/p>\r\n<p>\u00a0<\/p>","_et_gb_content_width":"","footnotes":""},"class_list":["post-2519","page","type-page","status-publish","hentry"],"_links":{"self":[{"href":"https:\/\/www.carnsmila.com\/es\/wp-json\/wp\/v2\/pages\/2519","targetHints":{"allow":["GET"]}}],"collection":[{"href":"https:\/\/www.carnsmila.com\/es\/wp-json\/wp\/v2\/pages"}],"about":[{"href":"https:\/\/www.carnsmila.com\/es\/wp-json\/wp\/v2\/types\/page"}],"author":[{"embeddable":true,"href":"https:\/\/www.carnsmila.com\/es\/wp-json\/wp\/v2\/users\/1"}],"replies":[{"embeddable":true,"href":"https:\/\/www.carnsmila.com\/es\/wp-json\/wp\/v2\/comments?post=2519"}],"version-history":[{"count":3,"href":"https:\/\/www.carnsmila.com\/es\/wp-json\/wp\/v2\/pages\/2519\/revisions"}],"predecessor-version":[{"id":4895,"href":"https:\/\/www.carnsmila.com\/es\/wp-json\/wp\/v2\/pages\/2519\/revisions\/4895"}],"wp:attachment":[{"href":"https:\/\/www.carnsmila.com\/es\/wp-json\/wp\/v2\/media?parent=2519"}],"curies":[{"name":"wp","href":"https:\/\/api.w.org\/{rel}","templated":true}]}}