{"id":2502,"date":"2019-12-20T12:57:29","date_gmt":"2019-12-20T11:57:29","guid":{"rendered":"http:\/\/www.carnsmila.com\/?page_id=206"},"modified":"2020-02-25T13:41:57","modified_gmt":"2020-02-25T12:41:57","slug":"instalaciones","status":"publish","type":"page","link":"https:\/\/www.carnsmila.com\/es\/instalaciones\/","title":{"rendered":"Instalaciones"},"content":{"rendered":"<p>[et_pb_section fb_built=&#8221;1&#8243; _builder_version=&#8221;4.0.6&#8243; background_image=&#8221;https:\/\/www.carnsmila.com\/wp-content\/uploads\/2020\/01\/OLD-carns-mila-ireland-visita-3.jpg&#8221; min_height=&#8221;564px&#8221; custom_padding=&#8221;60px|0px|494px|0px|false|false&#8221;][\/et_pb_section][et_pb_section fb_built=&#8221;1&#8243; fullwidth=&#8221;on&#8221; _builder_version=&#8221;4.0.6&#8243;][et_pb_fullwidth_header header_scroll_down=&#8221;on&#8221; scroll_down_icon=&#8221;%%1%%&#8221; _builder_version=&#8221;4.0.6&#8243; background_color=&#8221;rgba(0,0,0,0)&#8221; background_enable_image=&#8221;off&#8221; custom_padding=&#8221;0px||0px||false|false&#8221;][\/et_pb_fullwidth_header][\/et_pb_section][et_pb_section fb_built=&#8221;1&#8243; _builder_version=&#8221;4.0.6&#8243; background_color=&#8221;#fa2e38&#8243; custom_padding=&#8221;0px||0px||false|false&#8221; background_color__hover=&#8221;rgba(249,0,16,0)&#8221;][et_pb_row _builder_version=&#8221;3.25&#8243;][et_pb_column type=&#8221;4_4&#8243; _builder_version=&#8221;3.25&#8243; custom_padding=&#8221;|||&#8221; custom_padding__hover=&#8221;|||&#8221;][et_pb_text _builder_version=&#8221;4.0.6&#8243; text_font=&#8221;||||||||&#8221; text_text_color=&#8221;#FFFFFF&#8221; header_text_color=&#8221;#ffffff&#8221; header_2_font=&#8221;||||||||&#8221; header_2_text_color=&#8221;#FFFFFF&#8221; custom_margin=&#8221;||35px||false|false&#8221; custom_padding=&#8221;60px||||false|false&#8221;]<\/p>\n<h1>Nuestras instalaciones<\/h1>\n<p>[\/et_pb_text][et_pb_text _builder_version=&#8221;4.0.6&#8243; text_font=&#8221;||||||||&#8221; text_text_color=&#8221;#FFFFFF&#8221; header_font=&#8221;||||||||&#8221; header_2_font=&#8221;||||||||&#8221; header_2_text_color=&#8221;#FFFFFF&#8221;]Las instalaciones est\u00e1n dise\u00f1adas con la m\u00e1s alta tecnolog\u00eda en el procesado y conservaci\u00f3n de productos c\u00e1rnicos, garantizando en todo momento la calidad y salubridad de los productos.<\/p>\n<p>Todas las operaciones de manipulaci\u00f3n se realizan en su sala correspondiente, con una temperatura controlada (<strong>7\u20119\u00baC<\/strong>), y con un flujo de recorridos en un \u00fanico sentido, desde la recepci\u00f3n hasta la expedici\u00f3n.<\/p>\n<p>En total se dispone de m\u00e1s de <strong>1800\u00a0m\u00b2<\/strong> destinados al procesado de la carne, y 600 m2 a la log\u00edstica.[\/et_pb_text][\/et_pb_column][\/et_pb_row][\/et_pb_section][et_pb_section fb_built=&#8221;1&#8243; fullwidth=&#8221;on&#8221; _builder_version=&#8221;4.0.6&#8243;][et_pb_fullwidth_header header_scroll_down=&#8221;on&#8221; scroll_down_icon=&#8221;%%1%%&#8221; _builder_version=&#8221;4.0.6&#8243;][\/et_pb_fullwidth_header][\/et_pb_section][et_pb_section fb_built=&#8221;1&#8243; _builder_version=&#8221;4.0.6&#8243;][et_pb_row column_structure=&#8221;1_2,1_2&#8243; use_custom_gutter=&#8221;on&#8221; gutter_width=&#8221;1&#8243; make_equal=&#8221;on&#8221; _builder_version=&#8221;4.0.6&#8243;][et_pb_column type=&#8221;1_2&#8243; _builder_version=&#8221;4.0.6&#8243;][et_pb_text _builder_version=&#8221;4.1&#8243;]Las instalaciones est\u00e1n formadas por:<\/p>\n<ul class=\"square-list\">\n<li>Sala Showroom<\/li>\n<li>Sala de despiece<\/li>\n<li>Sala de elaboraci\u00f3n<\/li>\n<li>Sala de envasado<\/li>\n<li>Sala av\u00edcola<\/li>\n<li>Sala de preparaci\u00f3n de comandas<\/li>\n<li>C\u00e1maras de conservaci\u00f3n a<strong> 0\u00baC<\/strong><\/li>\n<li>C\u00e1maras de conservaci\u00f3n a <strong>-20\u00baC<\/strong><\/li>\n<li>T\u00fanel de congelaci\u00f3n a <strong>-40\u00baC<\/strong><\/li>\n<li>Muelle de recepci\u00f3n de productos refrigerado<\/li>\n<li>Muelle expedici\u00f3n de producto refrigerado<\/li>\n<li>Almacenes espec\u00edficos (cartones, envases, aditivos)<\/li>\n<li>Otras dependencias (vestuarios, oficinas&#8230;)<\/li>\n<\/ul>\n<p>[\/et_pb_text][\/et_pb_column][et_pb_column type=&#8221;1_2&#8243; _builder_version=&#8221;4.0.6&#8243;][et_pb_image src=&#8221;https:\/\/www.carnsmila.com\/wp-content\/uploads\/2020\/01\/carns-mila-installacions.jpg&#8221; _builder_version=&#8221;4.0.6&#8243;][\/et_pb_image][\/et_pb_column][\/et_pb_row][\/et_pb_section]<\/p>\n","protected":false},"excerpt":{"rendered":"<p>Nuestras instalacionesLas instalaciones est\u00e1n dise\u00f1adas con la m\u00e1s alta tecnolog\u00eda en el procesado y conservaci\u00f3n de productos c\u00e1rnicos, garantizando en todo momento la calidad y salubridad de los productos. Todas las operaciones de manipulaci\u00f3n se realizan en su sala correspondiente, con una temperatura controlada (7\u20119\u00baC), y con un flujo de recorridos en un \u00fanico sentido, [&hellip;]<\/p>\n","protected":false},"author":4,"featured_media":2579,"parent":0,"menu_order":0,"comment_status":"closed","ping_status":"closed","template":"","meta":{"_et_pb_use_builder":"on","_et_pb_old_content":"","_et_gb_content_width":"","footnotes":""},"class_list":["post-2502","page","type-page","status-publish","has-post-thumbnail","hentry"],"_links":{"self":[{"href":"https:\/\/www.carnsmila.com\/es\/wp-json\/wp\/v2\/pages\/2502","targetHints":{"allow":["GET"]}}],"collection":[{"href":"https:\/\/www.carnsmila.com\/es\/wp-json\/wp\/v2\/pages"}],"about":[{"href":"https:\/\/www.carnsmila.com\/es\/wp-json\/wp\/v2\/types\/page"}],"author":[{"embeddable":true,"href":"https:\/\/www.carnsmila.com\/es\/wp-json\/wp\/v2\/users\/4"}],"replies":[{"embeddable":true,"href":"https:\/\/www.carnsmila.com\/es\/wp-json\/wp\/v2\/comments?post=2502"}],"version-history":[{"count":10,"href":"https:\/\/www.carnsmila.com\/es\/wp-json\/wp\/v2\/pages\/2502\/revisions"}],"predecessor-version":[{"id":5383,"href":"https:\/\/www.carnsmila.com\/es\/wp-json\/wp\/v2\/pages\/2502\/revisions\/5383"}],"wp:featuredmedia":[{"embeddable":true,"href":"https:\/\/www.carnsmila.com\/es\/wp-json\/wp\/v2\/media\/2579"}],"wp:attachment":[{"href":"https:\/\/www.carnsmila.com\/es\/wp-json\/wp\/v2\/media?parent=2502"}],"curies":[{"name":"wp","href":"https:\/\/api.w.org\/{rel}","templated":true}]}}