{"id":15764,"date":"2024-07-04T08:10:18","date_gmt":"2024-07-04T06:10:18","guid":{"rendered":"https:\/\/www.carnsmila.com\/carnes-maduradas\/"},"modified":"2024-07-09T08:22:27","modified_gmt":"2024-07-09T06:22:27","slug":"carnes-maduradas","status":"publish","type":"page","link":"https:\/\/www.carnsmila.com\/es\/carnes-maduradas\/","title":{"rendered":"Carnes Maduradas"},"content":{"rendered":"<p>[et_pb_section fb_built=&#8221;1&#8243; custom_padding_last_edited=&#8221;on|phone&#8221; _builder_version=&#8221;4.20.4&#8243; background_image=&#8221;https:\/\/www.carnsmila.com\/wp-content\/uploads\/2024\/07\/llom-bou-madurat-carns-mila-le-auto-x2.jpg&#8221; background_position=&#8221;bottom_left&#8221; min_height=&#8221;564px&#8221; custom_padding=&#8221;60px|0px|165px|0px|false|false&#8221; custom_padding_tablet=&#8221;60px|0px|165px|0px|false|false&#8221; custom_padding_phone=&#8221;60px|0px|0px|0px|false|false&#8221; hover_enabled=&#8221;0&#8243; global_colors_info=&#8221;{}&#8221; theme_builder_area=&#8221;post_content&#8221; title_text=&#8221;Llom-Bou-madurat-Carns-Mila-_LE_auto_x2&#8243; sticky_enabled=&#8221;0&#8243; background_blend=&#8221;multiply&#8221; background_color=&#8221;rgba(0,0,0,0.35)&#8221;][et_pb_row _builder_version=&#8221;4.20.4&#8243; _module_preset=&#8221;default&#8221; custom_padding=&#8221;60px|||||&#8221; global_colors_info=&#8221;{}&#8221; theme_builder_area=&#8221;post_content&#8221;][et_pb_column type=&#8221;4_4&#8243; _builder_version=&#8221;4.20.4&#8243; _module_preset=&#8221;default&#8221; global_colors_info=&#8221;{}&#8221; theme_builder_area=&#8221;post_content&#8221;][et_pb_text module_class=&#8221; no-italics&#8221; _builder_version=&#8221;4.20.4&#8243; _module_preset=&#8221;default&#8221; background_layout=&#8221;dark&#8221; max_width=&#8221;900px&#8221; custom_margin=&#8221;-45px||||false|false&#8221; hover_enabled=&#8221;0&#8243; global_colors_info=&#8221;{}&#8221; theme_builder_area=&#8221;post_content&#8221; sticky_enabled=&#8221;0&#8243;]<\/p>\n<h1>La mejor carne de vaca madurada<br \/> con sello de calidad<\/h1>\n<p>[\/et_pb_text][\/et_pb_column][\/et_pb_row][\/et_pb_section][et_pb_section fb_built=&#8221;1&#8243; _builder_version=&#8221;4.20.4&#8243; background_color=&#8221;#fa2d38&#8243; custom_padding=&#8221;||75px|||&#8221; hover_enabled=&#8221;0&#8243; global_colors_info=&#8221;{}&#8221; background_color__hover=&#8221;rgba(249,0,16,0)&#8221; theme_builder_area=&#8221;post_content&#8221; sticky_enabled=&#8221;0&#8243;][et_pb_row column_structure=&#8221;3_5,2_5&#8243; module_class=&#8221;row-campeones&#8221; _builder_version=&#8221;4.20.4&#8243; global_colors_info=&#8221;{}&#8221; theme_builder_area=&#8221;post_content&#8221;][et_pb_column type=&#8221;3_5&#8243; _builder_version=&#8221;4.16&#8243; custom_padding=&#8221;|||&#8221; global_colors_info=&#8221;{}&#8221; custom_padding__hover=&#8221;|||&#8221; theme_builder_area=&#8221;post_content&#8221;][et_pb_text module_class=&#8221; no-italics&#8221; _builder_version=&#8221;4.20.4&#8243; text_font=&#8221;||||||||&#8221; text_text_color=&#8221;#FFFFFF&#8221; header_text_color=&#8221;#ffffff&#8221; header_2_font=&#8221;||||||||&#8221; header_2_text_color=&#8221;#FFFFFF&#8221; hover_enabled=&#8221;0&#8243; header_2_font_size_phone=&#8221;32px&#8221; custom_css_main_element=&#8221;||&#8221; global_colors_info=&#8221;{}&#8221; theme_builder_area=&#8221;post_content&#8221; sticky_enabled=&#8221;0&#8243;]<\/p>\n<h2>Carns Mil\u00e0, proveedor de las mejores carnes maduradas<\/h2>\n<p>[\/et_pb_text][et_pb_text _builder_version=&#8221;4.20.4&#8243; text_font=&#8221;||||||||&#8221; text_text_color=&#8221;#FFFFFF&#8221; header_font=&#8221;||||||||&#8221; header_2_font=&#8221;||||||||&#8221; header_2_text_color=&#8221;#FFFFFF&#8221; min_height=&#8221;272.4px&#8221; hover_enabled=&#8221;0&#8243; global_colors_info=&#8221;{}&#8221; theme_builder_area=&#8221;post_content&#8221; sticky_enabled=&#8221;0&#8243;]<\/p>\n<p>En Carns Mil\u00e0 nos enorgullecemos de ser especialistas en carnes maduradas, ofreciendo productos exclusivos y de gran calidad, algunos de ellos \u00fanicos en Catalu\u00f1a. Nuestra selecci\u00f3n incluye lomos de buey summum y superior, as\u00ed como carnes de Galicia de vaca summum y frisona g3. Adem\u00e1s disponemos de vaca vieja gallega summum con 90 d\u00edas de maduraci\u00f3n, lomo de vaca vieja gallega summum simmental con 120 d\u00edas de maduraci\u00f3n, y lomo de buey extra gallego con 300 d\u00edas de maduraci\u00f3n. Descubra la excelencia de nuestras carnes y disfruta de una experiencia gastron\u00f3mica \u00fanica.<\/p>\n<p>[\/et_pb_text][\/et_pb_column][et_pb_column type=&#8221;2_5&#8243; _builder_version=&#8221;4.16&#8243; custom_padding=&#8221;|||&#8221; global_colors_info=&#8221;{}&#8221; custom_padding__hover=&#8221;|||&#8221; theme_builder_area=&#8221;post_content&#8221;][\/et_pb_column][\/et_pb_row][\/et_pb_section][et_pb_section fb_built=&#8221;1&#8243; admin_label=&#8221;picto&#8221; _builder_version=&#8221;4.20.4&#8243; background_color=&#8221;#FFFFFF&#8221; custom_padding=&#8221;5px||0px||false|false&#8221; hover_enabled=&#8221;0&#8243; global_colors_info=&#8221;{}&#8221; theme_builder_area=&#8221;post_content&#8221; sticky_enabled=&#8221;0&#8243;][et_pb_row column_structure=&#8221;1_2,1_2&#8243; use_custom_gutter=&#8221;on&#8221; gutter_width=&#8221;1&#8243; _builder_version=&#8221;4.20.4&#8243; _module_preset=&#8221;default&#8221; width=&#8221;100%&#8221; max_width=&#8221;100%&#8221; custom_padding=&#8221;0px|||||&#8221; global_colors_info=&#8221;{}&#8221; theme_builder_area=&#8221;post_content&#8221;][et_pb_column type=&#8221;1_2&#8243; _builder_version=&#8221;4.20.4&#8243; _module_preset=&#8221;default&#8221; custom_padding=&#8221;|5px|||false|false&#8221; global_colors_info=&#8221;{}&#8221; theme_builder_area=&#8221;post_content&#8221;][et_pb_image src=&#8221;https:\/\/www.carnsmila.com\/wp-content\/uploads\/2024\/07\/vedella-frisona-madurada-carns-mila.jpg&#8221; title_text=&#8221;vedella-frisona-MADURADA-CARNS-MILA\u0300&#8221; _builder_version=&#8221;4.20.4&#8243; _module_preset=&#8221;default&#8221; hover_enabled=&#8221;0&#8243; global_colors_info=&#8221;{}&#8221; theme_builder_area=&#8221;post_content&#8221; sticky_enabled=&#8221;0&#8243;][\/et_pb_image][\/et_pb_column][et_pb_column type=&#8221;1_2&#8243; _builder_version=&#8221;4.20.4&#8243; _module_preset=&#8221;default&#8221; global_colors_info=&#8221;{}&#8221; theme_builder_area=&#8221;post_content&#8221;][et_pb_image src=&#8221;https:\/\/www.carnsmila.com\/wp-content\/uploads\/2024\/07\/vedella-frisona-madurada-carns-mila-2.jpg&#8221; title_text=&#8221;vedella-frisona-MADURADA-CARNS-MILA\u0300-2&#8243; _builder_version=&#8221;4.20.4&#8243; _module_preset=&#8221;default&#8221; hover_enabled=&#8221;0&#8243; global_colors_info=&#8221;{}&#8221; theme_builder_area=&#8221;post_content&#8221; sticky_enabled=&#8221;0&#8243;][\/et_pb_image][\/et_pb_column][\/et_pb_row][\/et_pb_section][et_pb_section fb_built=&#8221;1&#8243; _builder_version=&#8221;4.20.4&#8243; _module_preset=&#8221;default&#8221; background_color=&#8221;#FFFFFF&#8221; hover_enabled=&#8221;0&#8243; global_colors_info=&#8221;{}&#8221; theme_builder_area=&#8221;post_content&#8221; sticky_enabled=&#8221;0&#8243;][et_pb_row _builder_version=&#8221;4.20.4&#8243; _module_preset=&#8221;default&#8221; custom_padding=&#8221;0px|||||&#8221; global_colors_info=&#8221;{}&#8221; theme_builder_area=&#8221;post_content&#8221;][et_pb_column type=&#8221;4_4&#8243; _builder_version=&#8221;4.20.4&#8243; _module_preset=&#8221;default&#8221; global_colors_info=&#8221;{}&#8221; theme_builder_area=&#8221;post_content&#8221;][et_pb_text module_class=&#8221;no-italics&#8221; _builder_version=&#8221;4.20.4&#8243; _module_preset=&#8221;default&#8221; hover_enabled=&#8221;0&#8243; header_2_font_size_phone=&#8221;32px&#8221; global_colors_info=&#8221;{}&#8221; theme_builder_area=&#8221;post_content&#8221; sticky_enabled=&#8221;0&#8243;]<\/p>\n<h2>Productos destacados<\/h2>\n<p>[\/et_pb_text][\/et_pb_column][\/et_pb_row][et_pb_row column_structure=&#8221;1_3,1_3,1_3&#8243; use_custom_gutter=&#8221;on&#8221; gutter_width=&#8221;1&#8243; _builder_version=&#8221;4.20.4&#8243; _module_preset=&#8221;default&#8221; custom_padding=&#8221;0px||45px|||&#8221; hover_enabled=&#8221;0&#8243; global_colors_info=&#8221;{}&#8221; theme_builder_area=&#8221;post_content&#8221; sticky_enabled=&#8221;0&#8243;][et_pb_column type=&#8221;1_3&#8243; _builder_version=&#8221;4.20.4&#8243; _module_preset=&#8221;default&#8221; global_colors_info=&#8221;{}&#8221; theme_builder_area=&#8221;post_content&#8221;][et_pb_image src=&#8221;https:\/\/www.carnsmila.com\/wp-content\/uploads\/2024\/07\/llom-de-bou-extra-galleg-conjunt-mestis-300-dies-de-maduracio-carns-mila.jpg&#8221; title_text=&#8221;llom-de-bou-extra-galleg-conjunt-mesti\u0301s-300-dies-de-maduracio\u0301-CARNS-MILA&#8221; _builder_version=&#8221;4.20.4&#8243; _module_preset=&#8221;default&#8221; custom_margin=&#8221;|5px|30px||false|false&#8221; hover_enabled=&#8221;0&#8243; global_colors_info=&#8221;{}&#8221; theme_builder_area=&#8221;post_content&#8221; sticky_enabled=&#8221;0&#8243;][\/et_pb_image][et_pb_text _builder_version=&#8221;4.20.4&#8243; _module_preset=&#8221;default&#8221; custom_padding_tablet=&#8221;&#8221; custom_padding_phone=&#8221;||60px||false|false&#8221; custom_padding_last_edited=&#8221;on|phone&#8221; hover_enabled=&#8221;0&#8243; global_colors_info=&#8221;{}&#8221; theme_builder_area=&#8221;post_content&#8221; sticky_enabled=&#8221;0&#8243;]<\/p>\n<h3>Lomo de buey extra gallego<\/h3>\n<h4>300 d\u00edas de maduracio\u0301n<\/h4>\n<p>[\/et_pb_text][\/et_pb_column][et_pb_column type=&#8221;1_3&#8243; _builder_version=&#8221;4.20.4&#8243; _module_preset=&#8221;default&#8221; global_colors_info=&#8221;{}&#8221; theme_builder_area=&#8221;post_content&#8221;][et_pb_image src=&#8221;https:\/\/www.carnsmila.com\/wp-content\/uploads\/2024\/07\/llom-de-vaca-vella-gallega-summum-simmental-120-dies-maduracio-carns-mila.jpg&#8221; title_text=&#8221;llom de vaca vella gallega summum simmental 120 dies maduracio\u0301 &#8211; CARNS MILA\u0300&#8221; _builder_version=&#8221;4.20.4&#8243; _module_preset=&#8221;default&#8221; custom_margin=&#8221;|5px|30px||false|false&#8221; hover_enabled=&#8221;0&#8243; global_colors_info=&#8221;{}&#8221; theme_builder_area=&#8221;post_content&#8221; sticky_enabled=&#8221;0&#8243;][\/et_pb_image][et_pb_text _builder_version=&#8221;4.20.4&#8243; _module_preset=&#8221;default&#8221; global_colors_info=&#8221;{}&#8221; theme_builder_area=&#8221;post_content&#8221; sticky_enabled=&#8221;0&#8243;]<\/p>\n<h3>Lomo de vaca vieja gallega Summum\u00a0<\/h3>\n<h4>120 d\u00edas maduracio\u0301n<\/h4>\n<p>[\/et_pb_text][\/et_pb_column][et_pb_column type=&#8221;1_3&#8243; _builder_version=&#8221;4.20.4&#8243; _module_preset=&#8221;default&#8221; global_colors_info=&#8221;{}&#8221; theme_builder_area=&#8221;post_content&#8221;][et_pb_image src=&#8221;https:\/\/www.carnsmila.com\/wp-content\/uploads\/2024\/07\/vaca-vieja-gallega-summum-conjunto-mestizo-90-dias-maduracion-carns-mila.jpg&#8221; title_text=&#8221;vaca-vieja-gallega-Summum-conjunto-mestizo-90-di\u0301as-maduracion-CARNS-MILA\u0300&#8221; _builder_version=&#8221;4.20.4&#8243; _module_preset=&#8221;default&#8221; custom_margin=&#8221;|5px|30px||false|false&#8221; hover_enabled=&#8221;0&#8243; global_colors_info=&#8221;{}&#8221; theme_builder_area=&#8221;post_content&#8221; sticky_enabled=&#8221;0&#8243;][\/et_pb_image][et_pb_text _builder_version=&#8221;4.20.4&#8243; _module_preset=&#8221;default&#8221; global_colors_info=&#8221;{}&#8221; theme_builder_area=&#8221;post_content&#8221; sticky_enabled=&#8221;0&#8243;]<\/p>\n<h3>Vaca vieja gallega Summum<\/h3>\n<h4>90 d\u00edas de maduraci\u00f3n<\/h4>\n<p>[\/et_pb_text][\/et_pb_column][\/et_pb_row][\/et_pb_section][et_pb_section fb_built=&#8221;1&#8243; _builder_version=&#8221;4.20.4&#8243; custom_padding=&#8221;0px||0px||false|false&#8221; hover_enabled=&#8221;0&#8243; global_colors_info=&#8221;{}&#8221; theme_builder_area=&#8221;post_content&#8221; background_color=&#8221;#efefef&#8221; sticky_enabled=&#8221;0&#8243;][et_pb_row column_structure=&#8221;1_2,1_2&#8243; _builder_version=&#8221;4.16&#8243; custom_padding=&#8221;60px|||||&#8221; global_colors_info=&#8221;{}&#8221; theme_builder_area=&#8221;post_content&#8221;][et_pb_column type=&#8221;1_2&#8243; _builder_version=&#8221;4.16&#8243; global_colors_info=&#8221;{}&#8221; theme_builder_area=&#8221;post_content&#8221;][et_pb_text _builder_version=&#8221;4.20.4&#8243; hover_enabled=&#8221;0&#8243; global_colors_info=&#8221;{}&#8221; theme_builder_area=&#8221;post_content&#8221; sticky_enabled=&#8221;0&#8243;]<\/p>\n<h3>\u00bfQuieres distinguirte con la mejor carne madurada?<\/h3>\n<p>Rellena el formulario y nos pondremos en contacto contigo.<\/p>\n<p>[\/et_pb_text][\/et_pb_column][et_pb_column type=&#8221;1_2&#8243; _builder_version=&#8221;4.16&#8243; global_colors_info=&#8221;{}&#8221; theme_builder_area=&#8221;post_content&#8221;][et_pb_text _builder_version=&#8221;4.20.4&#8243; global_colors_info=&#8221;{}&#8221; theme_builder_area=&#8221;post_content&#8221;]<\/p>\n<h3>Formulario de contacto<\/h3>\n<p><script charset=\"utf-8\" type=\"text\/javascript\" src=\"\/\/js-eu1.hsforms.net\/forms\/embed\/v2.js\"><\/script> <script>\n  hbspt.forms.create({\n    region: \"eu1\",\n    portalId: \"25608941\",\n    formId: \"bdd9db5e-6164-4d0f-a30f-0cb4680152fe\"\n  });\n<\/script><\/p>\n<p>[\/et_pb_text][\/et_pb_column][\/et_pb_row][et_pb_row _builder_version=&#8221;4.20.4&#8243; _module_preset=&#8221;default&#8221; width=&#8221;100%&#8221; max_width=&#8221;100%&#8221; custom_padding=&#8221;||0px|||&#8221; global_colors_info=&#8221;{}&#8221; theme_builder_area=&#8221;post_content&#8221;][et_pb_column type=&#8221;4_4&#8243; _builder_version=&#8221;4.20.4&#8243; _module_preset=&#8221;default&#8221; global_colors_info=&#8221;{}&#8221; theme_builder_area=&#8221;post_content&#8221;][et_pb_image src=&#8221;https:\/\/www.carnsmila.com\/wp-content\/uploads\/2024\/07\/carns-madurades-vaca-carns-mila.jpg&#8221; title_text=&#8221;Carns Madurades Vaca Carns Mila\u0300&#8221; force_fullwidth=&#8221;on&#8221; _builder_version=&#8221;4.20.4&#8243; _module_preset=&#8221;default&#8221; custom_margin=&#8221;||0px||false|false&#8221; hover_enabled=&#8221;0&#8243; global_colors_info=&#8221;{}&#8221; theme_builder_area=&#8221;post_content&#8221; sticky_enabled=&#8221;0&#8243;][\/et_pb_image][\/et_pb_column][\/et_pb_row][\/et_pb_section]<\/p>\n","protected":false},"excerpt":{"rendered":"<p>La mejor carne de vaca madurada con sello de calidadCarns Mil\u00e0, proveedor de las mejores carnes maduradasEn Carns Mil\u00e0 nos enorgullecemos de ser especialistas en carnes maduradas, ofreciendo productos exclusivos y de gran calidad, algunos de ellos \u00fanicos en Catalu\u00f1a. Nuestra selecci\u00f3n incluye lomos de buey summum y superior, as\u00ed como carnes de Galicia de [&hellip;]<\/p>\n","protected":false},"author":4,"featured_media":0,"parent":0,"menu_order":0,"comment_status":"closed","ping_status":"closed","template":"","meta":{"_et_pb_use_builder":"on","_et_pb_old_content":"","_et_gb_content_width":"","footnotes":""},"class_list":["post-15764","page","type-page","status-publish","hentry"],"_links":{"self":[{"href":"https:\/\/www.carnsmila.com\/es\/wp-json\/wp\/v2\/pages\/15764","targetHints":{"allow":["GET"]}}],"collection":[{"href":"https:\/\/www.carnsmila.com\/es\/wp-json\/wp\/v2\/pages"}],"about":[{"href":"https:\/\/www.carnsmila.com\/es\/wp-json\/wp\/v2\/types\/page"}],"author":[{"embeddable":true,"href":"https:\/\/www.carnsmila.com\/es\/wp-json\/wp\/v2\/users\/4"}],"replies":[{"embeddable":true,"href":"https:\/\/www.carnsmila.com\/es\/wp-json\/wp\/v2\/comments?post=15764"}],"version-history":[{"count":5,"href":"https:\/\/www.carnsmila.com\/es\/wp-json\/wp\/v2\/pages\/15764\/revisions"}],"predecessor-version":[{"id":15781,"href":"https:\/\/www.carnsmila.com\/es\/wp-json\/wp\/v2\/pages\/15764\/revisions\/15781"}],"wp:attachment":[{"href":"https:\/\/www.carnsmila.com\/es\/wp-json\/wp\/v2\/media?parent=15764"}],"curies":[{"name":"wp","href":"https:\/\/api.w.org\/{rel}","templated":true}]}}