{"id":4421,"date":"2017-09-27T16:18:04","date_gmt":"2017-09-27T15:18:04","guid":{"rendered":"https:\/\/www.carnsmila.com\/avis-legal-politica-de-privacitat\/"},"modified":"2020-02-06T12:39:10","modified_gmt":"2020-02-06T11:39:10","slug":"avis-legal-politica-de-privacitat","status":"publish","type":"page","link":"https:\/\/www.carnsmila.com\/en\/avis-legal-politica-de-privacitat\/","title":{"rendered":"Av\u00eds legal i pol\u00edtica de privacitat"},"content":{"rendered":"\n[et_pb_section][et_pb_row][et_pb_column type=&#8221;4_4&#8243;][et_pb_text]<h1>Av\u00eds legal i pol\u00edtica de privacitat<\/h1>\r\nD\u2019acord amb les obligacions previstes en la Llei 34\/2002, de Serveis de la Societat de la Informaci\u00f3 i de Comer\u00e7 Electr\u00f2nic (en endavant LSSICE), J. MIL\u00c0 SA manifesta que el domini www.carnsmila.com es propietat de J. MIL\u00c0 SA , amb CIF A43094929, i amb domicili a Pol. Ind. Mol\u00ed d\u2019en Serra C\/ Tarragon\u00e8s n\u00ba 25 , 43710 Santa Oliva (Tarragona ).\r\n\r\nQue J. MIL\u00c0 SA consta inscrita al Registre Mercantil de XXXX, al Tom XXXX, Llibre XXXX, Foli XXXX i Fulla XXXX.\r\n\r\nJ. MIL\u00c0 SA no pot assumir cap responsabilitat derivada de l&#8217;\u00fas incorrecte, inadequat o il\u00b7l\u00edcit de la informaci\u00f3 apareguda en les seves p\u00e0gines d&#8217;Internet. Amb els l\u00edmits establerts en la llei, J. MIL\u00c0 SA no assumeix cap responsabilitat derivada de la falta de veracitat, integritat, actualitzaci\u00f3 i precisi\u00f3 de les dades o informacions que es contenen en les seves p\u00e0gines d&#8217;Internet.\r\n\r\nEls continguts i informaci\u00f3 de les p\u00e0gines d&#8217;Internet de J. MIL\u00c0 SA estan elaborades per professionals de la mateixa degudament qualificats per a l&#8217;exercici de la seva professi\u00f3. No obstant aix\u00f2, els continguts i informaci\u00f3 no vinculen a l\u2019esmentada corporaci\u00f3 ni constitueixen opinions, consells o assessorament legal de cap tipus, doncs es tracta merament d&#8217;un servei ofert amb car\u00e0cter informatiu i divulgatiu. Les p\u00e0gines d&#8217;Internet de J. MIL\u00c0 SA poden contenir enlla\u00e7os (links) a altres p\u00e0gines de terceres parts. Per tant, aquesta no pot assumir responsabilitats pel contingut que pugui apar\u00e8ixer en p\u00e0gines de tercers. Els textos, imatges, sons, animacions, programari i la resta de continguts inclosos en aquest website s\u00f3n propietat exclusiva de J. MIL\u00c0 SA o les seves llicenciants. Qualsevol acte de transmissi\u00f3, distribuci\u00f3, cessi\u00f3, reproducci\u00f3, emmagatzematge o comunicaci\u00f3 p\u00fablica total o parcial, ha de comptar amb el consentiment expr\u00e9s de J. MIL\u00c0 SA .\r\n\r\nDe la mateixa manera es reserva el dret a retirar l\u2019acc\u00e9s al Portal, sense necessitat de previ av\u00eds, a qualsevol usuari que contravingui el disposat en aquest av\u00eds legal.\r\n<h2>PROTECCI\u00d3 DE DADES PERSONALS<\/h2>\r\nEn virtut de la Llei 15\/1999, de 13 de desembre, sobre la Protecci\u00f3 de Dades de Car\u00e0cter Personal, el fem coneixedor que les seves dades personals, que poden estar en aquesta comunicaci\u00f3, estan incorporades en un fitxer responsabilitat de J. MIL\u00c0 SA , CIF: A43094929, La finalitat d\u2019aquest fitxer \u00e9s la de gestionar la relaci\u00f3 negocial i informar-lo dels nostres serveis. Aquestes dades no seran transmeses a terceres persones.\r\n\r\nAix\u00ed mateix, per a accedir a alguns dels serveis que J. MIL\u00c0 SA ofereix a trav\u00e9s del website haur\u00e0 de proporcionar algunes dades de car\u00e0cter personal. En compliment de l&#8217;establert en la LO 15\/1999, de 13 de desembre, de Protecci\u00f3 de Dades de Car\u00e0cter Personal li informem que, mitjan\u00e7ant la complementaci\u00f3 del formulari, les seves dades personals quedaran incorporades i seran tractades en els fitxers de J. MIL\u00c0 SA amb la finalitat de poder-li prestar i oferir els nostres serveis, aix\u00ed com per a informar-li de les millores del lloc Web.\r\n\r\nSi desitja exercir els drets d\u2019acc\u00e9s, rectificaci\u00f3, cancel\u00b7laci\u00f3 o oposici\u00f3, pot dirigir-se a: Pol. Ind. Mol\u00ed d\u2019en Serra C\/ Tarragon\u00e8s n\u00ba 25 , 43710 Santa Oliva (Tarragona ), o b\u00e9, enviar un correu electr\u00f2nic a xxxxx@ xxxxx.com\r\n<h2>PROPIETAT INDUSTRIAL I INTEL\u00b7LECTUAL<\/h2>\r\nAquesta web \u00e9s propietat de J. MIL\u00c0 SA . Els drets de Propietat Intel\u00b7lectual i drets d&#8217;explotaci\u00f3 i reproducci\u00f3 d&#8217;aquesta web, de les seves p\u00e0gines, pantalles, la Informaci\u00f3 que contenen, la seva aparen\u00e7a i disseny, aix\u00ed com els vincles (&#8220;hiperlinks&#8221;) que s&#8217;estableixin des d&#8217;ella a altres p\u00e0gines web de qualsevol centre adscrits o organisme depenent, s\u00f3n propietat exclusiva d&#8217;aquesta, tret que expressament s&#8217;especifiqui altra cosa.\r\nQualsevol denominacions, dissenys i\/o logotips, aix\u00ed com qualsevol producte o servei oferts i reflectits en aquesta p\u00e0gina web, s\u00f3n marques degudament registrades per J. MIL\u00c0 SA , per les seves societats filials i\/o dominades o per tercers.\r\nQualsevol \u00fas indegut de les mateixes per persones diferents del seu leg\u00edtim titular i sense el consentiment expr\u00e9s i inequ\u00edvoc per part d&#8217;aquest podr\u00e0 ser denunciat i perseguit a trav\u00e9s de tots els mitjans legals existents en l&#8217;Ordenament Jur\u00eddic espanyol i\/o comunitari.\r\nEls drets de propietat intel\u00b7lectual i marques de tercers estan destacats convenientment i han de ser respectats per tot aquell que accedeixi a aquesta p\u00e0gina, no sent responsabilitat de J. MIL\u00c0 SA l&#8217;\u00fas que L&#8217;USUARI pugui portar a terme referent a aix\u00f2, recaient la responsabilitat exclusiva en la seva persona.\r\nNom\u00e9s per a \u00fas personal i privat es permet descarregar els continguts, copiar o imprimir qualsevol p\u00e0gina d&#8217;aquesta web. Queda prohibit reproduir, transmetre, modificar o suprimir la informaci\u00f3, contingut o advertiments d&#8217;aquesta web sense la pr\u00e8via autoritzaci\u00f3 per escrit de J. MIL\u00c0 SA\r\n\r\nJ. MIL\u00c0 SA no transfereix als usuaris la propietat del seu software. L\u2019usuari \u00c9s el propietari del suport en el qual el software es gravat. J. MIL\u00c0 SA poseeix tots els drets de propietat industrial i intelectual, incloent el sowftare. Si l\u2019 usuari transfereix software d\u2019 aquest website al seu terminal, no podr\u00e0 disseccionar pel seu estudi i descompilar, traduir la versi\u00f3 del codi objecte original o el seu llenguatge a un altre codi o llenguatge.\r\n<h2>LLEI APLICABLE I JURISDICCI\u00d3<\/h2>\r\nLes presents condicions generals es regeixen per la Legislaci\u00f3 espanyola, sent competents els Jutjats i Tribunals espanyols per a con\u00e8ixer de quantes q\u00fcestions se suscitin sobre la interpretaci\u00f3, aplicaci\u00f3 i compliment de les mateixes. L&#8217;USUARI, en virtut de la seva acceptaci\u00f3 a les condicions generals recollides en aquest av\u00eds legal, renuncia expressament a qualsevol fur que, per aplicaci\u00f3 de la Llei d&#8217;Enjudiciament Civil vigent pogu\u00e9s correspondre-li.\r\n\r\n&nbsp;\r\n\r\n&nbsp;\r\n\r\n&nbsp;\r\n\r\n&nbsp;\r\n\r\n&nbsp;\r\n\r\n&nbsp;[\/et_pb_text][\/et_pb_column][\/et_pb_row][\/et_pb_section]\n","protected":false},"excerpt":{"rendered":"<p><div class=\"et_pb_section et_pb_section_0 et_section_regular\" >\n\t\t\t\t\n\t\t\t\t\n\t\t\t\t\n\t\t\t\t\n\t\t\t\t\n\t\t\t\t\n\t\t\t\t\n\t\t\t\t\n\t\t\t\t\n\t\t\t<\/div><div class=\"et_pb_row et_pb_row_0 et_pb_row_empty\">\n\t\t\t\t\n\t\t\t\t\n\t\t\t\t\n\t\t\t\t\n\t\t\t\t\n\t\t\t<\/div><div class=\"et_pb_module et_pb_text et_pb_text_0  et_pb_text_align_left et_pb_bg_layout_light\">\n\t\t\t\t\n\t\t\t\t\n\t\t\t\t\n\t\t\t\t\n\t\t\t\t\n\t\t\t<\/div>Av\u00eds legal i pol\u00edtica de privacitat D\u2019acord amb les obligacions previstes en la Llei 34\/2002, de Serveis de la Societat de la Informaci\u00f3 i de Comer\u00e7 Electr\u00f2nic (en endavant LSSICE), J. MIL\u00c0 SA manifesta que el domini www.carnsmila.com es propietat de J. MIL\u00c0 SA , amb CIF A43094929, i amb domicili a Pol. Ind. Mol\u00ed [&hellip;]<\/p>\n","protected":false},"author":1,"featured_media":0,"parent":0,"menu_order":0,"comment_status":"closed","ping_status":"closed","template":"","meta":{"_et_pb_use_builder":"on","_et_pb_old_content":"<h1>Av\u00eds legal i pol\u00edtica de privacitat<\/h1>\r\nD\u2019acord amb les obligacions previstes en la Llei 34\/2002, de Serveis de la Societat de la Informaci\u00f3 i de Comer\u00e7 Electr\u00f2nic (en endavant LSSICE), J. MIL\u00c0 SA manifesta que el domini www.carnsmila.com es propietat de J. MIL\u00c0 SA , amb CIF A43094929, i amb domicili a Pol. Ind. Mol\u00ed d\u2019en Serra C\/ Tarragon\u00e8s n\u00ba 25 , 43710 Santa Oliva (Tarragona ).\r\n\r\nQue J. MIL\u00c0 SA consta inscrita al Registre Mercantil de XXXX, al Tom XXXX, Llibre XXXX, Foli XXXX i Fulla XXXX.\r\n\r\nJ. MIL\u00c0 SA no pot assumir cap responsabilitat derivada de l'\u00fas incorrecte, inadequat o il\u00b7l\u00edcit de la informaci\u00f3 apareguda en les seves p\u00e0gines d'Internet. Amb els l\u00edmits establerts en la llei, J. MIL\u00c0 SA no assumeix cap responsabilitat derivada de la falta de veracitat, integritat, actualitzaci\u00f3 i precisi\u00f3 de les dades o informacions que es contenen en les seves p\u00e0gines d'Internet.\r\n\r\nEls continguts i informaci\u00f3 de les p\u00e0gines d'Internet de J. MIL\u00c0 SA estan elaborades per professionals de la mateixa degudament qualificats per a l'exercici de la seva professi\u00f3. No obstant aix\u00f2, els continguts i informaci\u00f3 no vinculen a l\u2019esmentada corporaci\u00f3 ni constitueixen opinions, consells o assessorament legal de cap tipus, doncs es tracta merament d'un servei ofert amb car\u00e0cter informatiu i divulgatiu. Les p\u00e0gines d'Internet de J. MIL\u00c0 SA poden contenir enlla\u00e7os (links) a altres p\u00e0gines de terceres parts. Per tant, aquesta no pot assumir responsabilitats pel contingut que pugui apar\u00e8ixer en p\u00e0gines de tercers. Els textos, imatges, sons, animacions, programari i la resta de continguts inclosos en aquest website s\u00f3n propietat exclusiva de J. MIL\u00c0 SA o les seves llicenciants. Qualsevol acte de transmissi\u00f3, distribuci\u00f3, cessi\u00f3, reproducci\u00f3, emmagatzematge o comunicaci\u00f3 p\u00fablica total o parcial, ha de comptar amb el consentiment expr\u00e9s de J. MIL\u00c0 SA .\r\n\r\nDe la mateixa manera es reserva el dret a retirar l\u2019acc\u00e9s al Portal, sense necessitat de previ av\u00eds, a qualsevol usuari que contravingui el disposat en aquest av\u00eds legal.\r\n<h2>PROTECCI\u00d3 DE DADES PERSONALS<\/h2>\r\nEn virtut de la Llei 15\/1999, de 13 de desembre, sobre la Protecci\u00f3 de Dades de Car\u00e0cter Personal, el fem coneixedor que les seves dades personals, que poden estar en aquesta comunicaci\u00f3, estan incorporades en un fitxer responsabilitat de J. MIL\u00c0 SA , CIF: A43094929, La finalitat d\u2019aquest fitxer \u00e9s la de gestionar la relaci\u00f3 negocial i informar-lo dels nostres serveis. Aquestes dades no seran transmeses a terceres persones.\r\n\r\nAix\u00ed mateix, per a accedir a alguns dels serveis que J. MIL\u00c0 SA ofereix a trav\u00e9s del website haur\u00e0 de proporcionar algunes dades de car\u00e0cter personal. En compliment de l'establert en la LO 15\/1999, de 13 de desembre, de Protecci\u00f3 de Dades de Car\u00e0cter Personal li informem que, mitjan\u00e7ant la complementaci\u00f3 del formulari, les seves dades personals quedaran incorporades i seran tractades en els fitxers de J. MIL\u00c0 SA amb la finalitat de poder-li prestar i oferir els nostres serveis, aix\u00ed com per a informar-li de les millores del lloc Web.\r\n\r\nSi desitja exercir els drets d\u2019acc\u00e9s, rectificaci\u00f3, cancel\u00b7laci\u00f3 o oposici\u00f3, pot dirigir-se a: Pol. Ind. Mol\u00ed d\u2019en Serra C\/ Tarragon\u00e8s n\u00ba 25 , 43710 Santa Oliva (Tarragona ), o b\u00e9, enviar un correu electr\u00f2nic a xxxxx@ xxxxx.com\r\n<h2>PROPIETAT INDUSTRIAL I INTEL\u00b7LECTUAL<\/h2>\r\nAquesta web \u00e9s propietat de J. MIL\u00c0 SA . Els drets de Propietat Intel\u00b7lectual i drets d'explotaci\u00f3 i reproducci\u00f3 d'aquesta web, de les seves p\u00e0gines, pantalles, la Informaci\u00f3 que contenen, la seva aparen\u00e7a i disseny, aix\u00ed com els vincles (\"hiperlinks\") que s'estableixin des d'ella a altres p\u00e0gines web de qualsevol centre adscrits o organisme depenent, s\u00f3n propietat exclusiva d'aquesta, tret que expressament s'especifiqui altra cosa.\r\nQualsevol denominacions, dissenys i\/o logotips, aix\u00ed com qualsevol producte o servei oferts i reflectits en aquesta p\u00e0gina web, s\u00f3n marques degudament registrades per J. MIL\u00c0 SA , per les seves societats filials i\/o dominades o per tercers.\r\nQualsevol \u00fas indegut de les mateixes per persones diferents del seu leg\u00edtim titular i sense el consentiment expr\u00e9s i inequ\u00edvoc per part d'aquest podr\u00e0 ser denunciat i perseguit a trav\u00e9s de tots els mitjans legals existents en l'Ordenament Jur\u00eddic espanyol i\/o comunitari.\r\nEls drets de propietat intel\u00b7lectual i marques de tercers estan destacats convenientment i han de ser respectats per tot aquell que accedeixi a aquesta p\u00e0gina, no sent responsabilitat de J. MIL\u00c0 SA l'\u00fas que L'USUARI pugui portar a terme referent a aix\u00f2, recaient la responsabilitat exclusiva en la seva persona.\r\nNom\u00e9s per a \u00fas personal i privat es permet descarregar els continguts, copiar o imprimir qualsevol p\u00e0gina d'aquesta web. Queda prohibit reproduir, transmetre, modificar o suprimir la informaci\u00f3, contingut o advertiments d'aquesta web sense la pr\u00e8via autoritzaci\u00f3 per escrit de J. MIL\u00c0 SA\r\n\r\nJ. MIL\u00c0 SA no transfereix als usuaris la propietat del seu software. L\u2019usuari \u00c9s el propietari del suport en el qual el software es gravat. J. MIL\u00c0 SA poseeix tots els drets de propietat industrial i intelectual, incloent el sowftare. Si l\u2019 usuari transfereix software d\u2019 aquest website al seu terminal, no podr\u00e0 disseccionar pel seu estudi i descompilar, traduir la versi\u00f3 del codi objecte original o el seu llenguatge a un altre codi o llenguatge.\r\n<h2>LLEI APLICABLE I JURISDICCI\u00d3<\/h2>\r\nLes presents condicions generals es regeixen per la Legislaci\u00f3 espanyola, sent competents els Jutjats i Tribunals espanyols per a con\u00e8ixer de quantes q\u00fcestions se suscitin sobre la interpretaci\u00f3, aplicaci\u00f3 i compliment de les mateixes. L'USUARI, en virtut de la seva acceptaci\u00f3 a les condicions generals recollides en aquest av\u00eds legal, renuncia expressament a qualsevol fur que, per aplicaci\u00f3 de la Llei d'Enjudiciament Civil vigent pogu\u00e9s correspondre-li.\r\n\r\n\u00a0\r\n\r\n\u00a0\r\n\r\n\u00a0\r\n\r\n\u00a0\r\n\r\n\u00a0\r\n\r\n\u00a0","_et_gb_content_width":"","footnotes":""},"class_list":["post-4421","page","type-page","status-publish","hentry"],"_links":{"self":[{"href":"https:\/\/www.carnsmila.com\/en\/wp-json\/wp\/v2\/pages\/4421","targetHints":{"allow":["GET"]}}],"collection":[{"href":"https:\/\/www.carnsmila.com\/en\/wp-json\/wp\/v2\/pages"}],"about":[{"href":"https:\/\/www.carnsmila.com\/en\/wp-json\/wp\/v2\/types\/page"}],"author":[{"embeddable":true,"href":"https:\/\/www.carnsmila.com\/en\/wp-json\/wp\/v2\/users\/1"}],"replies":[{"embeddable":true,"href":"https:\/\/www.carnsmila.com\/en\/wp-json\/wp\/v2\/comments?post=4421"}],"version-history":[{"count":1,"href":"https:\/\/www.carnsmila.com\/en\/wp-json\/wp\/v2\/pages\/4421\/revisions"}],"predecessor-version":[{"id":4422,"href":"https:\/\/www.carnsmila.com\/en\/wp-json\/wp\/v2\/pages\/4421\/revisions\/4422"}],"wp:attachment":[{"href":"https:\/\/www.carnsmila.com\/en\/wp-json\/wp\/v2\/media?parent=4421"}],"curies":[{"name":"wp","href":"https:\/\/api.w.org\/{rel}","templated":true}]}}