{"id":4419,"date":"2017-09-27T16:32:04","date_gmt":"2017-09-27T15:32:04","guid":{"rendered":"https:\/\/www.carnsmila.com\/avis-de-cookies\/"},"modified":"2020-02-06T12:38:28","modified_gmt":"2020-02-06T11:38:28","slug":"avis-de-cookies","status":"publish","type":"page","link":"https:\/\/www.carnsmila.com\/en\/avis-de-cookies\/","title":{"rendered":"Av\u00eds de cookies"},"content":{"rendered":"<p>[et_pb_section fb_built=&#8221;1&#8243; _builder_version=&#8221;3.22&#8243;][et_pb_row _builder_version=&#8221;3.25&#8243; background_size=&#8221;initial&#8221; background_position=&#8221;top_left&#8221; background_repeat=&#8221;repeat&#8221;][et_pb_column type=&#8221;4_4&#8243; _builder_version=&#8221;3.25&#8243; custom_padding=&#8221;|||&#8221; custom_padding__hover=&#8221;|||&#8221;][et_pb_text _builder_version=&#8221;3.27.4&#8243; background_size=&#8221;initial&#8221; background_position=&#8221;top_left&#8221; background_repeat=&#8221;repeat&#8221;]<\/p>\n<h1>Avis per cookies<\/h1>\n<p>Els hi informen que per un bon funcionament de la web www.carnsmila.com, el sistema de navegaci\u00f3 utilitza algunes dades de navegaci\u00f3 (\u201cCookies\u201d) per poder oferir un servei m\u00e9s acurat als usuaris de la web. Les \u201cCookies\u201d s\u00f3n petits arxius de text que el navegador emmagatzema quan es navega per llocs web i aplicacions. Es pot recollir l\u2019adre\u00e7a IP que utilitza l\u2019ordinador per connectar-se al lloc web, l\u2019adre\u00e7a URL de la p\u00e0gina web demanada, l\u2019hora de la connexi\u00f3 i altres par\u00e0metres relatius al sistema operatiu de l\u2019entorn inform\u00e0tic de l\u2018usuari. Aquesta informaci\u00f3 nom\u00e9s recull per identificar la sessi\u00f3 amb l\u2019objectiu de facilitar les an\u00e0lisis del lloc web.<\/p>\n<p>J. MIL\u00c0 SA en la seva web utilitza \u201ccookies\u201d de tercers; i en concret de Google Analytics; que es un servei d\u2019estad\u00edstiques de p\u00e0gines web que ofereix Google, Inc. Google Analytics recull informaci\u00f3 de l\u2019equip de l\u2019usuari per obtenir informes sobre l\u2019activitat de l\u2019aplicaci\u00f3; emmagatzema la informaci\u00f3 recollida per les \u201ccookies\u201d en servidors als Estats Units.<\/p>\n<p>En tot cas, en el sup\u00f2sit que es captin dades de car\u00e0cter personal i en aquest cas, nom\u00e9s l\u2019adre\u00e7a ip d\u2019acc\u00e9s; els hi informem que aquestes seran tractades i incorporades en un Fitxer responsabilitat de J. MIL\u00c0 SA . Conforme all\u00f2 disposat en els articles 15 i 16 de la Llei Org\u00e0nica 15\/1999, de 13 de desembre, de Protecci\u00f3 de Dades de Car\u00e0cter Personal, li informem que pot exercitar els drets d\u2019acc\u00e9s, rectificaci\u00f3, cancel\u00b7laci\u00f3 i oposici\u00f3 a: Pol. Ind. Mol\u00ed d\u2019en Serra C\/ Tarragon\u00e8s n\u00ba 25 , 43710 Santa Oliva (Tarragona )<\/p>\n<p>S\u2019informa l\u2019usuari que Google podr\u00e0 transmetre aquesta informaci\u00f3 a tercers quan aix\u00ed ho requereixi la llei, o quan aquests tercers processin la informaci\u00f3 per compte de Google. Google no associar\u00e0 l\u2019adre\u00e7a IP de l\u2019usuari amb cap altra dada de qu\u00e8 disposi, i per tant ho far\u00e0 totalment de forma anonimitzada.<\/p>\n<p>Per rebutjar o eliminar aquesta \u201ccookie\u201d es pot consultar la seg\u00fcent adre\u00e7a: <a href=\"https:\/\/www.google.com\/intl\/ca\/policies\/privacy\/\" target=\"_blank\" rel=\"noopener\">https:\/\/www.google.com\/intl\/ca\/policies\/privacy\/<\/a> o\u00a0<a href=\"https:\/\/www.google.com\/intl\/en\/privacypolicy.html\" target=\"_blank\" rel=\"noopener\">https:\/\/www.google.com\/intl\/en\/privacypolicy.html<\/a><\/p>\n<h2>DESACTIVACI\u00d3 I BLOQUEIG DE LES COOKIES<\/h2>\n<p>En qualsevol cas, l\u2019 usuari pot habilitar l\u2019opci\u00f3 del seu propi sistema de navegaci\u00f3 per tal de no permetre la instal\u00b7laci\u00f3 de cookies; sense que en cap cas J. MIL\u00c0 SA pugui ser responsable de que la inhabilitaci\u00f3 de Cookies comporti que alguns dels serveis que ofereix aquesta web no funcionin correctament.<\/p>\n<p>En els seg\u00fcents enlla\u00e7os, podr\u00e0 trobar instruccions que l\u2019ajudaran a configurar els ajustos dels principals navegadors m\u00e9s utilitzats.<\/p>\n<ul>\n<li>Internet Explorer: <a href=\"https:\/\/support.microsoft.com\/es-es\/help\/17442\/windows-internet-explorer-delete-manage-cookies\" target=\"_blank\" rel=\"noopener\">https:\/\/support.microsoft.com\/es-es\/help\/17442\/windows-internet-explorer-delete-manage-cookies<\/a><\/li>\n<li>Google Chrome: <a href=\"https:\/\/support.google.com\/chrome\/answer\/95647?hl=es\" target=\"_blank\" rel=\"noopener\">https:\/\/support.google.com\/chrome\/answer\/95647?hl=es<\/a><\/li>\n<li>Mozilla Firefox: <a href=\"https:\/\/support.mozilla.org\/t5\/Cookies-y-cach%C3%A9\/Habilitar-y-deshabilitar-cookies-que-los-sitios-web-utilizan\/ta-p\/13811\" target=\"_blank\" rel=\"noopener\">https:\/\/support.mozilla.org\/t5\/Cookies-y-cach%C3%A9\/Habilitar-y-deshabilitar-cookies-que-los-sitios-web-utilizan\/ta-p\/13811<\/a><\/li>\n<li>Safari: <a href=\"https:\/\/support.apple.com\/kb\/ph21411?locale=es_ES\" target=\"_blank\" rel=\"noopener\">https:\/\/support.apple.com\/kb\/ph21411?locale=es_ES<\/a><\/li>\n<li>Safari para IOS (Iphone, IPad): <a href=\"https:\/\/support.apple.com\/kb\/ht1677?viewlocale=es_es&amp;locale=es_es\" target=\"_blank\" rel=\"noopener\">https:\/\/support.apple.com\/kb\/ht1677?viewlocale=es_es&amp;locale=es_es<\/a><\/li>\n<li>Chrome para Android: <a href=\"https:\/\/support.google.com\/chrome\/answer\/2392971?hl=es\" target=\"_blank\" rel=\"noopener\">https:\/\/support.google.com\/chrome\/answer\/2392971?hl=es<\/a><\/li>\n<\/ul>\n<p>Si es desitja m\u00e9s informaci\u00f3 sobre les cookies i la seva manera de deshabilitar-les segons el seu sistema de navegaci\u00f3 pot consultar els<br \/>seg\u00fcents links: <a href=\"https:\/\/www.aboutcookies.org\" target=\"_blank\" rel=\"noopener\">https:\/\/www.aboutcookies.org<\/a> i <a href=\"https:\/\/www.aboutcookies.org\/Default.aspx?page=1\" target=\"_blank\" rel=\"noopener\">https:\/\/www.aboutcookies.org\/Default.aspx?page=1<\/a><\/p>\n<p>En cas contrari, i havent informat J. MIL\u00c0 SA de l\u2019 \u00fas de cookies, i sense que aquestes hagin estat inhabilitades implica que l\u2019usuari d\u00f3na el seu consentiment al tractament de dades per Google en la forma prevista en aquest av\u00eds i per les finalitats aqu\u00ed descrites.<\/p>\n<p>En cas de dubte o de qualsevol comentari, es pot dirigir a J. MIL\u00c0 SA a traves dels seus mitjans d\u2019atenci\u00f3 al p\u00fablic o b\u00e9 comunicar-se amb nosaltres a trav\u00e9s de : xxxx@xxx.com<\/p>\n<p>[\/et_pb_text][\/et_pb_column][\/et_pb_row][\/et_pb_section]<\/p>\n","protected":false},"excerpt":{"rendered":"<p>Avis per cookies Els hi informen que per un bon funcionament de la web www.carnsmila.com, el sistema de navegaci\u00f3 utilitza algunes dades de navegaci\u00f3 (\u201cCookies\u201d) per poder oferir un servei m\u00e9s acurat als usuaris de la web. Les \u201cCookies\u201d s\u00f3n petits arxius de text que el navegador emmagatzema quan es navega per llocs web i [&hellip;]<\/p>\n","protected":false},"author":1,"featured_media":0,"parent":0,"menu_order":0,"comment_status":"closed","ping_status":"closed","template":"","meta":{"_et_pb_use_builder":"on","_et_pb_old_content":"<h1>Avis per cookies<\/h1>\r\nEls hi informen que per un bon funcionament de la web www.carnsmila.com, el sistema de navegaci\u00f3 utilitza algunes dades de navegaci\u00f3 (\u201cCookies\u201d) per poder oferir un servei m\u00e9s acurat als usuaris de la web. Les \u201cCookies\u201d s\u00f3n petits arxius de text que el navegador emmagatzema quan es navega per llocs web i aplicacions. Es pot recollir l\u2019adre\u00e7a IP que utilitza l\u2019ordinador per connectar-se al lloc web, l\u2019adre\u00e7a URL de la p\u00e0gina web demanada, l\u2019hora de la connexi\u00f3 i altres par\u00e0metres relatius al sistema operatiu de l\u2019entorn inform\u00e0tic de l\u2018usuari. Aquesta informaci\u00f3 nom\u00e9s recull per identificar la sessi\u00f3 amb l\u2019objectiu de facilitar les an\u00e0lisis del lloc web.\r\n\r\nJ. MIL\u00c0 SA en la seva web utilitza \u201ccookies\u201d de tercers; i en concret de Google Analytics; que es un servei d\u2019estad\u00edstiques de p\u00e0gines web que ofereix Google, Inc. Google Analytics recull informaci\u00f3 de l\u2019equip de l\u2019usuari per obtenir informes sobre l\u2019activitat de l\u2019aplicaci\u00f3; emmagatzema la informaci\u00f3 recollida per les \u201ccookies\u201d en servidors als Estats Units.\r\n\r\nEn tot cas, en el sup\u00f2sit que es captin dades de car\u00e0cter personal i en aquest cas, nom\u00e9s l\u2019adre\u00e7a ip d\u2019acc\u00e9s; els hi informem que aquestes seran tractades i incorporades en un Fitxer responsabilitat de J. MIL\u00c0 SA . Conforme all\u00f2 disposat en els articles 15 i 16 de la Llei Org\u00e0nica 15\/1999, de 13 de desembre, de Protecci\u00f3 de Dades de Car\u00e0cter Personal, li informem que pot exercitar els drets d\u2019acc\u00e9s, rectificaci\u00f3, cancel\u00b7laci\u00f3 i oposici\u00f3 a: Pol. Ind. Mol\u00ed d\u2019en Serra C\/ Tarragon\u00e8s n\u00ba 25 , 43710 Santa Oliva (Tarragona )\r\n\r\nS\u2019informa l\u2019usuari que Google podr\u00e0 transmetre aquesta informaci\u00f3 a tercers quan aix\u00ed ho requereixi la llei, o quan aquests tercers processin la informaci\u00f3 per compte de Google. Google no associar\u00e0 l\u2019adre\u00e7a IP de l\u2019usuari amb cap altra dada de qu\u00e8 disposi, i per tant ho far\u00e0 totalment de forma anonimitzada.\r\n\r\nPer rebutjar o eliminar aquesta \u201ccookie\u201d es pot consultar la seg\u00fcent adre\u00e7a: <a href=\"https:\/\/www.google.com\/intl\/ca\/policies\/privacy\/\">https:\/\/www.google.com\/intl\/ca\/policies\/privacy\/<\/a> o\u00a0<a href=\"https:\/\/www.google.com\/intl\/en\/privacypolicy.html\">https:\/\/www.google.com\/intl\/en\/privacypolicy.html<\/a>\r\n<h2>DESACTIVACI\u00d3 I BLOQUEIG DE LES COOKIES<\/h2>\r\nEn qualsevol cas, l\u2019 usuari pot habilitar l\u2019opci\u00f3 del seu propi sistema de navegaci\u00f3 per tal de no permetre la instal\u00b7laci\u00f3 de cookies; sense que en cap cas J. MIL\u00c0 SA pugui ser responsable de que la inhabilitaci\u00f3 de Cookies comporti que alguns dels serveis que ofereix aquesta web no funcionin correctament.\r\n\r\nEn els seg\u00fcents enlla\u00e7os, podr\u00e0 trobar instruccions que l\u2019ajudaran a configurar els ajustos dels principals navegadors m\u00e9s utilitzats.\r\n<ul>\r\n \t<li>Internet Explorer: <a href=\"https:\/\/support.microsoft.com\/es-es\/help\/17442\/windows-internet-explorer-delete-manage-cookies\">https:\/\/support.microsoft.com\/es-es\/help\/17442\/windows-internet-explorer-delete-manage-cookies<\/a><\/li>\r\n \t<li>Google Chrome: <a href=\"https:\/\/support.google.com\/chrome\/answer\/95647?hl=es\">https:\/\/support.google.com\/chrome\/answer\/95647?hl=es<\/a><\/li>\r\n \t<li>Mozilla Firefox: <a href=\"https:\/\/support.mozilla.org\/t5\/Cookies-y-cach%C3%A9\/Habilitar-y-deshabilitar-cookies-que-los-sitios-web-utilizan\/ta-p\/13811\">https:\/\/support.mozilla.org\/t5\/Cookies-y-cach%C3%A9\/Habilitar-y-deshabilitar-cookies-que-los-sitios-web-utilizan\/ta-p\/13811<\/a><\/li>\r\n \t<li>Safari: <a href=\"https:\/\/support.apple.com\/kb\/ph21411?locale=es_ES\">https:\/\/support.apple.com\/kb\/ph21411?locale=es_ES<\/a><\/li>\r\n \t<li>Safari para IOS (Iphone, IPad): <a href=\"https:\/\/support.apple.com\/kb\/ht1677?viewlocale=es_es&locale=es_es\">https:\/\/support.apple.com\/kb\/ht1677?viewlocale=es_es&locale=es_es<\/a><\/li>\r\n \t<li>Chrome para Android: <a href=\"https:\/\/support.google.com\/chrome\/answer\/2392971?hl=es\">https:\/\/support.google.com\/chrome\/answer\/2392971?hl=es<\/a><\/li>\r\n<\/ul>\r\nSi es desitja m\u00e9s informaci\u00f3 sobre les cookies i la seva manera de deshabilitar-les segons el seu sistema de navegaci\u00f3 pot consultar els\r\nseg\u00fcents links: <a href=\"https:\/\/www.aboutcookies.org\">https:\/\/www.aboutcookies.org<\/a> i <a href=\"https:\/\/www.aboutcookies.org\/Default.aspx?page=1\">https:\/\/www.aboutcookies.org\/Default.aspx?page=1<\/a>\r\n\r\nEn cas contrari, i havent informat J. MIL\u00c0 SA de l\u2019 \u00fas de cookies, i sense que aquestes hagin estat inhabilitades implica que l\u2019usuari d\u00f3na el seu consentiment al tractament de dades per Google en la forma prevista en aquest av\u00eds i per les finalitats aqu\u00ed descrites.\r\n\r\nEn cas de dubte o de qualsevol comentari, es pot dirigir a J. MIL\u00c0 SA a traves dels seus mitjans d\u2019atenci\u00f3 al p\u00fablic o b\u00e9 comunicar-se amb nosaltres a trav\u00e9s de : xxxx@xxx.com\r\n\r\n\u00a0\r\n\r\n\u00a0\r\n\r\n\u00a0\r\n\r\n\u00a0\r\n\r\n\u00a0\r\n\r\n\u00a0","_et_gb_content_width":"","footnotes":""},"class_list":["post-4419","page","type-page","status-publish","hentry"],"_links":{"self":[{"href":"https:\/\/www.carnsmila.com\/en\/wp-json\/wp\/v2\/pages\/4419","targetHints":{"allow":["GET"]}}],"collection":[{"href":"https:\/\/www.carnsmila.com\/en\/wp-json\/wp\/v2\/pages"}],"about":[{"href":"https:\/\/www.carnsmila.com\/en\/wp-json\/wp\/v2\/types\/page"}],"author":[{"embeddable":true,"href":"https:\/\/www.carnsmila.com\/en\/wp-json\/wp\/v2\/users\/1"}],"replies":[{"embeddable":true,"href":"https:\/\/www.carnsmila.com\/en\/wp-json\/wp\/v2\/comments?post=4419"}],"version-history":[{"count":1,"href":"https:\/\/www.carnsmila.com\/en\/wp-json\/wp\/v2\/pages\/4419\/revisions"}],"predecessor-version":[{"id":4420,"href":"https:\/\/www.carnsmila.com\/en\/wp-json\/wp\/v2\/pages\/4419\/revisions\/4420"}],"wp:attachment":[{"href":"https:\/\/www.carnsmila.com\/en\/wp-json\/wp\/v2\/media?parent=4419"}],"curies":[{"name":"wp","href":"https:\/\/api.w.org\/{rel}","templated":true}]}}